{"id":15576,"date":"2022-04-21T09:16:32","date_gmt":"2022-04-21T12:16:32","guid":{"rendered":"https:\/\/ens9001-infd.mendoza.edu.ar\/sitio\/?page_id=15576"},"modified":"2022-05-06T18:18:55","modified_gmt":"2022-05-06T21:18:55","slug":"the-art-of-creating-self-learning-material-2","status":"publish","type":"page","link":"https:\/\/ens9001-infd.mendoza.edu.ar\/sitio\/the-art-of-creating-self-learning-material-2\/","title":{"rendered":"The Art of Creating Self-Learning Material"},"content":{"rendered":"\n<figure class=\"wp-block-image\"><img decoding=\"async\" src=\"https:\/\/ens9001-infd.mendoza.edu.ar\/sitio\/wp-content\/uploads\/2022\/04\/Membrete-2-1000x134-1.png\" alt=\"La imagen tiene un atributo ALT vac\u00edo; su nombre de archivo es Membrete-2-1000x134-1.png\" class=\"wp-image-7528\"\/><\/figure>\n\n\n\n<h4 class=\"wp-block-heading\"><strong>Curso con puntaje docente<\/strong>:<\/h4>\n\n\n\n<h4 class=\"has-text-align-center wp-block-heading\"><strong><strong>The Art of Creating Self-Learning Material<\/strong><\/strong><\/h4>\n\n\n\n<hr class=\"wp-block-separator\"\/>\n\n\n\n<h5 class=\"wp-block-heading\"><strong><img decoding=\"async\" loading=\"lazy\" class=\"wp-image-7531 alignnone\" src=\"https:\/\/ens9001-infd.mendoza.edu.ar\/sitio\/wp-content\/uploads\/2019\/04\/CFC-Iso-trans-1000x627.png\" alt=\"\" width=\"38\" height=\"23\" srcset=\"https:\/\/ens9001-infd.mendoza.edu.ar\/sitio\/wp-content\/uploads\/2019\/04\/CFC-Iso-trans-1000x627.png 1000w, https:\/\/ens9001-infd.mendoza.edu.ar\/sitio\/wp-content\/uploads\/2019\/04\/CFC-Iso-trans-768x482.png 768w, https:\/\/ens9001-infd.mendoza.edu.ar\/sitio\/wp-content\/uploads\/2019\/04\/CFC-Iso-trans.png 1239w\" sizes=\"(max-width: 38px) 100vw, 38px\" \/>&nbsp;<\/strong>Resoluci\u00f3n de aprobaci\u00f3n:<\/h5>\n\n\n\n<p><a rel=\"noreferrer noopener\" href=\"https:\/\/drive.google.com\/file\/d\/1V6olklyrrKTG9nIqmwx3lhnVKhXJxIL9\/view?usp=sharing\" target=\"_blank\"><span style=\"text-decoration: underline;\">Resoluci\u00f3n N\u00ba 189-CGES-2021<\/span><\/a><\/p>\n\n\n\n<p><span class=\"has-inline-color has-white-color\">&#8212;<\/span><\/p>\n\n\n\n<h5 class=\"wp-block-heading\"><strong><img decoding=\"async\" loading=\"lazy\" class=\"wp-image-7531 alignnone\" src=\"https:\/\/ens9001-infd.mendoza.edu.ar\/sitio\/wp-content\/uploads\/2019\/04\/CFC-Iso-trans-1000x627.png\" alt=\"\" width=\"38\" height=\"23\" srcset=\"https:\/\/ens9001-infd.mendoza.edu.ar\/sitio\/wp-content\/uploads\/2019\/04\/CFC-Iso-trans-1000x627.png 1000w, https:\/\/ens9001-infd.mendoza.edu.ar\/sitio\/wp-content\/uploads\/2019\/04\/CFC-Iso-trans-768x482.png 768w, https:\/\/ens9001-infd.mendoza.edu.ar\/sitio\/wp-content\/uploads\/2019\/04\/CFC-Iso-trans.png 1239w\" sizes=\"(max-width: 38px) 100vw, 38px\" \/>&nbsp;Destinatarios<\/strong>:<\/h5>\n\n\n\n<p>Estudiantes avanzados de 4to a\u00f1o del profesorado o Traductorado de ingl\u00e9s, docentes en ejercicio, directivos y supervisores de los distintos niveles y modalidades.<\/p>\n\n\n\n<p><span class=\"has-inline-color has-white-color\">&#8212;<\/span><\/p>\n\n\n\n<h5 class=\"wp-block-heading\"><strong><img decoding=\"async\" loading=\"lazy\" class=\"wp-image-7531 alignnone\" src=\"https:\/\/ens9001-infd.mendoza.edu.ar\/sitio\/wp-content\/uploads\/2019\/04\/CFC-Iso-trans-1000x627.png\" alt=\"\" width=\"38\" height=\"23\" srcset=\"https:\/\/ens9001-infd.mendoza.edu.ar\/sitio\/wp-content\/uploads\/2019\/04\/CFC-Iso-trans-1000x627.png 1000w, https:\/\/ens9001-infd.mendoza.edu.ar\/sitio\/wp-content\/uploads\/2019\/04\/CFC-Iso-trans-768x482.png 768w, https:\/\/ens9001-infd.mendoza.edu.ar\/sitio\/wp-content\/uploads\/2019\/04\/CFC-Iso-trans.png 1239w\" sizes=\"(max-width: 38px) 100vw, 38px\" \/>&nbsp;<\/strong>Objetivos de la Formaci\u00f3n:<\/h5>\n\n\n\n<p>Se espera que, al final del recorrido, los cursantes sean capaces de:<\/p>\n\n\n\n<ol type=\"a\"><li>Acompa\u00f1ar el trayecto de sus propios estudiantes de forma continua atendiendo a las caracter\u00edsticas propias de la ense\u00f1anza de una segunda lengua y de los requerimientos de la educaci\u00f3n actual.&nbsp;<\/li><li>Elaborar material did\u00e1ctico de autoaprendizaje que sea pedag\u00f3gicamente oportuno y relevante fundado en las bases, intencionalidades, y desaf\u00edos de la bimodalidad o de la educaci\u00f3n a distancia.<\/li><li>Incorporar de manera significaba recursos b\u00e1sicos de \u00e1mbito inform\u00e1tico y herramientas TIC en las pr\u00e1cticas pedag\u00f3gico-did\u00e1cticas para fortalecer el material desarrollado.<\/li><\/ol>\n\n\n\n<p><span class=\"has-inline-color has-white-color\">&#8212;<\/span><\/p>\n\n\n\n<h5 class=\"wp-block-heading\"><strong><img decoding=\"async\" loading=\"lazy\" class=\"wp-image-7531 alignnone\" src=\"https:\/\/ens9001-infd.mendoza.edu.ar\/sitio\/wp-content\/uploads\/2019\/04\/CFC-Iso-trans-1000x627.png\" alt=\"\" width=\"38\" height=\"23\" srcset=\"https:\/\/ens9001-infd.mendoza.edu.ar\/sitio\/wp-content\/uploads\/2019\/04\/CFC-Iso-trans-1000x627.png 1000w, https:\/\/ens9001-infd.mendoza.edu.ar\/sitio\/wp-content\/uploads\/2019\/04\/CFC-Iso-trans-768x482.png 768w, https:\/\/ens9001-infd.mendoza.edu.ar\/sitio\/wp-content\/uploads\/2019\/04\/CFC-Iso-trans.png 1239w\" sizes=\"(max-width: 38px) 100vw, 38px\" \/>&nbsp;<\/strong>Estructura Curricular:<\/h5>\n\n\n\n<p><strong>M\u00f3dulo 1 \u2013 <\/strong>Introducci\u00f3n al material de autoaprendizaje (An Introduction to Self-Learning Materials)<\/p>\n\n\n\n<ul><li>An\u00e1lisis de los conceptos de: aprendizaje, conocimiento, habilidad, bimodalidad, material de aprendizaje y material de autoaprendizaje.<\/li><li>La bimodalidad (blended learning y flipped classroom), sus desaf\u00edos, y el rol del material de autoaprendizaje.&nbsp;&nbsp;<\/li><\/ul>\n\n\n\n<p><strong>M\u00f3dulo 2-&nbsp; <\/strong>Los Fundamentos de los Materiales de Autoaprendizaje (Foundations of Self-Learning Materials)<\/p>\n\n\n\n<ul><li>El material convencional vs el material de autoaprendizaje.<\/li><li>La relevancia del enfoque comunicativo y el m\u00e9todo inductivo en la ense\u00f1anza de un idioma.<\/li><li>Las partes de una gu\u00eda de autoaprendizaje (datos institucionales y del estudiante, objetivos de la clase, capacidades a desarrollar, momentos de la clase, proceso de metacognici\u00f3n).<\/li><\/ul>\n\n\n\n<p><strong>M\u00f3dulo 3 \u2013 <\/strong>Integrando recursosTIC y material de autoaprendizaje (Integrating ICT resources and Self-Learning Materials)<\/p>\n\n\n\n<ul><li>La importancia de la imagen, la fuente, la ejemplificaci\u00f3n y los colores en el material de autoaprendizaje.<\/li><li>El buen uso de procesadores de texto: c\u00f3mo organizar y destacar informaci\u00f3n, c\u00f3mo incorporar&nbsp; im\u00e1genes y organizarlas dentro del texto.<\/li><li>El uso de editores de audio. Sus funciones y ventajas.<\/li><li>La importancia de la imagen, la fuente, la ejemplificaci\u00f3n, y los colores en el material de autoaprendizaje.<\/li><li>El uso de un presentador de diapositivas: c\u00f3mo organizar y destacar informaci\u00f3n, incluir im\u00e1genes y organizarlas dentro del texto.<\/li><li>El uso de software de grabaci\u00f3n y edici\u00f3n de video. Sus funciones y ventajas.<\/li><\/ul>\n\n\n\n<p><strong>M\u00f3dulo 4&nbsp;<\/strong>\u2013 El desarrollo de los materiales de autoaprendizaje (Developing Self-Learning Materials)<\/p>\n\n\n\n<ul><li>La importancia de la imagen, la fuente, la ejemplificaci\u00f3n, y los colores en el material de autoaprendizaje.<\/li><li>El buen uso de procesadores de textos: c\u00f3mo organizar y destacar informaci\u00f3n, c\u00f3mo incorporar&nbsp; im\u00e1genes y organizarlas dentro del texto.<\/li><li>La relevancia del enfoque comunicativo y el m\u00e9todo inductivo en la ense\u00f1anza de un idioma.<\/li><li>Las partes de una gu\u00eda de autoaprendizaje (datos institucionales y del estudiante, objetivos de la clase, capacidades a desarrollar, momentos de la clase, proceso de metacognici\u00f3n). <\/li><\/ul>\n\n\n\n<p><strong>M\u00f3dulo 5: <\/strong>El Poder de la Metacognici\u00f3n (The Power of Metacognition)<\/p>\n\n\n\n<ul><li>La importancia del proceso de metacognici\u00f3n en los estudiantes.<strong><\/strong><\/li><\/ul>\n\n\n\n<p><span class=\"has-inline-color has-white-color\">&#8212;<\/span><\/p>\n\n\n\n<h5 class=\"wp-block-heading\"><strong><img decoding=\"async\" loading=\"lazy\" width=\"38\" height=\"23\" class=\"wp-image-7531 alignnone\" src=\"https:\/\/ens9001-infd.mendoza.edu.ar\/sitio\/wp-content\/uploads\/2019\/04\/CFC-Iso-trans-1000x627.png\" alt=\"\" srcset=\"https:\/\/ens9001-infd.mendoza.edu.ar\/sitio\/wp-content\/uploads\/2019\/04\/CFC-Iso-trans-1000x627.png 1000w, https:\/\/ens9001-infd.mendoza.edu.ar\/sitio\/wp-content\/uploads\/2019\/04\/CFC-Iso-trans-768x482.png 768w, https:\/\/ens9001-infd.mendoza.edu.ar\/sitio\/wp-content\/uploads\/2019\/04\/CFC-Iso-trans.png 1239w\" sizes=\"(max-width: 38px) 100vw, 38px\" \/>&nbsp;<\/strong>Evaluaci\u00f3n final:<\/h5>\n\n\n\n<ul><li>El buen dise\u00f1o de material de autoaprendizaje.<\/li><li>El equilibrio entre lo te\u00f3rico, lo pr\u00e1ctico, y el buen uso de recursos de \u00e1mbito inform\u00e1tico en funci\u00f3n de las necesidades del estudiantes y los desaf\u00edos actuales.<\/li><li>El proceso de metagnici\u00f3n.<strong><\/strong><\/li><\/ul>\n\n\n\n<p><span class=\"has-inline-color has-white-color\">&#8212;<\/span><\/p>\n\n\n\n<h5 class=\"wp-block-heading\"><strong><img decoding=\"async\" loading=\"lazy\" class=\"wp-image-7531 alignnone\" src=\"https:\/\/ens9001-infd.mendoza.edu.ar\/sitio\/wp-content\/uploads\/2019\/04\/CFC-Iso-trans-1000x627.png\" alt=\"\" width=\"38\" height=\"23\" srcset=\"https:\/\/ens9001-infd.mendoza.edu.ar\/sitio\/wp-content\/uploads\/2019\/04\/CFC-Iso-trans-1000x627.png 1000w, https:\/\/ens9001-infd.mendoza.edu.ar\/sitio\/wp-content\/uploads\/2019\/04\/CFC-Iso-trans-768x482.png 768w, https:\/\/ens9001-infd.mendoza.edu.ar\/sitio\/wp-content\/uploads\/2019\/04\/CFC-Iso-trans.png 1239w\" sizes=\"(max-width: 38px) 100vw, 38px\" \/>&nbsp;<\/strong>Carga horaria:<\/h5>\n\n\n\n<p>Total horas: 64 horas reloj (43 horas reloj no presenciales y 23 horas reloj presenciales)<\/p>\n\n\n\n<p><span class=\"has-inline-color has-white-color\">&#8212;<\/span><\/p>\n\n\n\n<h5 class=\"wp-block-heading\"><strong><img decoding=\"async\" loading=\"lazy\" class=\"wp-image-7531 alignnone\" src=\"https:\/\/ens9001-infd.mendoza.edu.ar\/sitio\/wp-content\/uploads\/2019\/04\/CFC-Iso-trans-1000x627.png\" alt=\"\" width=\"38\" height=\"23\" srcset=\"https:\/\/ens9001-infd.mendoza.edu.ar\/sitio\/wp-content\/uploads\/2019\/04\/CFC-Iso-trans-1000x627.png 1000w, https:\/\/ens9001-infd.mendoza.edu.ar\/sitio\/wp-content\/uploads\/2019\/04\/CFC-Iso-trans-768x482.png 768w, https:\/\/ens9001-infd.mendoza.edu.ar\/sitio\/wp-content\/uploads\/2019\/04\/CFC-Iso-trans.png 1239w\" sizes=\"(max-width: 38px) 100vw, 38px\" \/>&nbsp;<\/strong>Modalidad de cursado:<\/h5>\n\n\n\n<p>A distancia (con encuentros sincr\u00f3nicos y asincr\u00f3nicos)<\/p>\n\n\n\n<p><span class=\"has-inline-color has-white-color\">&#8212;<\/span><\/p>\n\n\n\n<h5 class=\"wp-block-heading\"><strong><img decoding=\"async\" loading=\"lazy\" width=\"38\" height=\"23\" class=\"wp-image-7531 alignnone\" src=\"https:\/\/ens9001-infd.mendoza.edu.ar\/sitio\/wp-content\/uploads\/2019\/04\/CFC-Iso-trans-1000x627.png\" alt=\"\" srcset=\"https:\/\/ens9001-infd.mendoza.edu.ar\/sitio\/wp-content\/uploads\/2019\/04\/CFC-Iso-trans-1000x627.png 1000w, https:\/\/ens9001-infd.mendoza.edu.ar\/sitio\/wp-content\/uploads\/2019\/04\/CFC-Iso-trans-768x482.png 768w, https:\/\/ens9001-infd.mendoza.edu.ar\/sitio\/wp-content\/uploads\/2019\/04\/CFC-Iso-trans.png 1239w\" sizes=\"(max-width: 38px) 100vw, 38px\" \/>&nbsp;Lugar, d<\/strong>\u00edas y horarios de cursado:<\/h5>\n\n\n\n<p>Los encuentros virtuales sincr\u00f3nicos y las instancias presenciales en la sede central del Instituto (Chubut y Balcarce, San Mart\u00edn) se realizar\u00e1n los d\u00edas&nbsp;<strong>viernes entre las 18 y las 20 hs.<\/strong> o los <strong>s\u00e1bados entre las 9 y las 12 hs.<\/strong> <\/p>\n\n\n\n<p><span class=\"has-inline-color has-white-color\">&#8212;<\/span><\/p>\n\n\n\n<h5 class=\"wp-block-heading\"><strong><img decoding=\"async\" loading=\"lazy\" class=\"wp-image-7531 alignnone\" src=\"https:\/\/ens9001-infd.mendoza.edu.ar\/sitio\/wp-content\/uploads\/2019\/04\/CFC-Iso-trans-1000x627.png\" alt=\"\" width=\"38\" height=\"23\" srcset=\"https:\/\/ens9001-infd.mendoza.edu.ar\/sitio\/wp-content\/uploads\/2019\/04\/CFC-Iso-trans-1000x627.png 1000w, https:\/\/ens9001-infd.mendoza.edu.ar\/sitio\/wp-content\/uploads\/2019\/04\/CFC-Iso-trans-768x482.png 768w, https:\/\/ens9001-infd.mendoza.edu.ar\/sitio\/wp-content\/uploads\/2019\/04\/CFC-Iso-trans.png 1239w\" sizes=\"(max-width: 38px) 100vw, 38px\" \/>&nbsp;<\/strong>Inicio del cursado:<\/h5>\n\n\n\n<p>Actividad de inicio de las actividades acad\u00e9micas del Centro de Formaci\u00f3n Continua:&nbsp;<strong><strong><strong>S\u00e1bado 7 de mayo a las 9 hs.<\/strong><\/strong><\/strong><\/p>\n\n\n\n<p><span class=\"has-inline-color has-white-color\">&#8212;<\/span><\/p>\n\n\n\n<h5 class=\"wp-block-heading\"><strong><img decoding=\"async\" loading=\"lazy\" class=\"wp-image-7531 alignnone\" src=\"https:\/\/ens9001-infd.mendoza.edu.ar\/sitio\/wp-content\/uploads\/2019\/04\/CFC-Iso-trans-1000x627.png\" alt=\"\" width=\"38\" height=\"23\" srcset=\"https:\/\/ens9001-infd.mendoza.edu.ar\/sitio\/wp-content\/uploads\/2019\/04\/CFC-Iso-trans-1000x627.png 1000w, https:\/\/ens9001-infd.mendoza.edu.ar\/sitio\/wp-content\/uploads\/2019\/04\/CFC-Iso-trans-768x482.png 768w, https:\/\/ens9001-infd.mendoza.edu.ar\/sitio\/wp-content\/uploads\/2019\/04\/CFC-Iso-trans.png 1239w\" sizes=\"(max-width: 38px) 100vw, 38px\" \/>&nbsp;Inscripci\u00f3n y consultas<\/strong>:<\/h5>\n\n\n\n<p>Los\/as docentes interesados\/as deber\u00e1n pre-inscribirse a trav\u00e9s del&nbsp;formulario digital&nbsp;y completar el proceso de inscripci\u00f3n de acuerdo a las orientaciones que recibir\u00e1n en su correo electr\u00f3nico enviado desde la Bedel\u00eda del Centro de Formaci\u00f3n Continua: <strong>bedelia.cfc9001@gmail.com<\/strong><\/p>\n\n\n\n<p>Tambi\u00e9n pueden realizar consultas a trav\u00e9s de WhatsApp los siguientes d\u00edas y horarios:<\/p>\n\n\n\n<ul><li>Lunes a viernes: de 10 a 11 y de 17 a 18 hs.<\/li><\/ul>\n\n\n\n<div class=\"wp-block-image\"><figure class=\"aligncenter is-resized\"><a href=\"https:\/\/chat.whatsapp.com\/DAEL0ItGLhKLPsfNzV0Lun\"><img decoding=\"async\" loading=\"lazy\" src=\"https:\/\/ens9001-infd.mendoza.edu.ar\/sitio\/wp-content\/uploads\/2020\/05\/Mesa-de-entradas-CFC-1000x111.jpeg\" alt=\"\" class=\"wp-image-11021\" width=\"702\" height=\"78\" srcset=\"https:\/\/ens9001-infd.mendoza.edu.ar\/sitio\/wp-content\/uploads\/2020\/05\/Mesa-de-entradas-CFC-1000x111.jpeg 1000w, https:\/\/ens9001-infd.mendoza.edu.ar\/sitio\/wp-content\/uploads\/2020\/05\/Mesa-de-entradas-CFC-768x85.jpeg 768w, https:\/\/ens9001-infd.mendoza.edu.ar\/sitio\/wp-content\/uploads\/2020\/05\/Mesa-de-entradas-CFC.jpeg 1042w\" sizes=\"(max-width: 702px) 100vw, 702px\" \/><\/a><figcaption><a rel=\"noreferrer noopener\" href=\"https:\/\/chat.whatsapp.com\/G2m01KzV1Kf05byyZR3siL\" target=\"_blank\"><span style=\"text-decoration: underline;\"><strong>https:\/\/chat.whatsapp.com<\/strong><\/span><\/a><\/figcaption><\/figure><\/div>\n\n\n\n<p>Las consultas ser\u00e1n respondidas en el transcurso del d\u00eda.<\/p>\n\n\n\n<p><\/p>\n\n\n\n<hr class=\"wp-block-separator\"\/>\n\n\n\n<h2 class=\"has-text-align-center wp-block-heading\"><span style=\"text-decoration: underline;\"><strong><a rel=\"noreferrer noopener\" href=\"https:\/\/forms.gle\/Lk88V43PrWha54mf8\" target=\"_blank\">Formulario de pre-inscripci\u00f3n<\/a><\/strong><\/span><\/h2>\n\n\n\n<p class=\"has-text-align-center\"><span class=\"has-inline-color has-vivid-red-color\"><strong>&#8211; Inscripciones cerradas<\/strong> &#8211;<\/span><\/p>\n\n\n\n<p class=\"has-text-align-center\"><a rel=\"noreferrer noopener\" href=\"https:\/\/ens9001-infd.mendoza.edu.ar\/sitio\/?page_id=15522\" target=\"_blank\"><span style=\"text-decoration: underline;\"><strong>Ver m\u00e1s ofertas de Formaci\u00f3n Continua 2022<\/strong><\/span><\/a><\/p>\n","protected":false},"excerpt":{"rendered":"<p>Curso con puntaje docente: The Art of Creating Self-Learning Material &nbsp;Resoluci\u00f3n de aprobaci\u00f3n: Resoluci\u00f3n N\u00ba 189-CGES-2021 &#8212; &nbsp;Destinatarios: Estudiantes avanzados de 4to a\u00f1o del profesorado o Traductorado de ingl\u00e9s, docentes en ejercicio, directivos y supervisores de los distintos niveles y modalidades. &#8212; &nbsp;Objetivos de la Formaci\u00f3n: Se espera que, al final del recorrido, los cursantes &#8230; <a title=\"The Art of Creating Self-Learning Material\" class=\"read-more\" href=\"https:\/\/ens9001-infd.mendoza.edu.ar\/sitio\/the-art-of-creating-self-learning-material-2\/\" aria-label=\"More on The Art of Creating Self-Learning Material\">[+]<\/a><\/p>\n","protected":false},"author":6668,"featured_media":0,"parent":0,"menu_order":0,"comment_status":"closed","ping_status":"closed","template":"","meta":[],"acf":[],"_links":{"self":[{"href":"https:\/\/ens9001-infd.mendoza.edu.ar\/sitio\/wp-json\/wp\/v2\/pages\/15576"}],"collection":[{"href":"https:\/\/ens9001-infd.mendoza.edu.ar\/sitio\/wp-json\/wp\/v2\/pages"}],"about":[{"href":"https:\/\/ens9001-infd.mendoza.edu.ar\/sitio\/wp-json\/wp\/v2\/types\/page"}],"author":[{"embeddable":true,"href":"https:\/\/ens9001-infd.mendoza.edu.ar\/sitio\/wp-json\/wp\/v2\/users\/6668"}],"replies":[{"embeddable":true,"href":"https:\/\/ens9001-infd.mendoza.edu.ar\/sitio\/wp-json\/wp\/v2\/comments?post=15576"}],"version-history":[{"count":5,"href":"https:\/\/ens9001-infd.mendoza.edu.ar\/sitio\/wp-json\/wp\/v2\/pages\/15576\/revisions"}],"predecessor-version":[{"id":15741,"href":"https:\/\/ens9001-infd.mendoza.edu.ar\/sitio\/wp-json\/wp\/v2\/pages\/15576\/revisions\/15741"}],"wp:attachment":[{"href":"https:\/\/ens9001-infd.mendoza.edu.ar\/sitio\/wp-json\/wp\/v2\/media?parent=15576"}],"curies":[{"name":"wp","href":"https:\/\/api.w.org\/{rel}","templated":true}]}}