{"id":15522,"date":"2022-04-21T09:19:49","date_gmt":"2022-04-21T12:19:49","guid":{"rendered":"https:\/\/ens9001-infd.mendoza.edu.ar\/sitio\/?page_id=15522"},"modified":"2023-06-27T12:36:03","modified_gmt":"2023-06-27T15:36:03","slug":"propuestas-de-formacion-continua-2022","status":"publish","type":"page","link":"https:\/\/ens9001-infd.mendoza.edu.ar\/sitio\/propuestas-de-formacion-continua-2022\/","title":{"rendered":"Propuestas de Formaci\u00f3n Continua 2022"},"content":{"rendered":"\n<figure class=\"wp-block-image size-full\"><img decoding=\"async\" loading=\"lazy\" width=\"1552\" height=\"390\" src=\"https:\/\/ens9001-infd.mendoza.edu.ar\/sitio\/wp-content\/uploads\/2023\/06\/LOGO-CFC-NUEVO-1.png\" alt=\"\" class=\"wp-image-17703\" srcset=\"https:\/\/ens9001-infd.mendoza.edu.ar\/sitio\/wp-content\/uploads\/2023\/06\/LOGO-CFC-NUEVO-1.png 1552w, https:\/\/ens9001-infd.mendoza.edu.ar\/sitio\/wp-content\/uploads\/2023\/06\/LOGO-CFC-NUEVO-1-1000x251.png 1000w, https:\/\/ens9001-infd.mendoza.edu.ar\/sitio\/wp-content\/uploads\/2023\/06\/LOGO-CFC-NUEVO-1-768x193.png 768w, https:\/\/ens9001-infd.mendoza.edu.ar\/sitio\/wp-content\/uploads\/2023\/06\/LOGO-CFC-NUEVO-1-1536x386.png 1536w\" sizes=\"(max-width: 1552px) 100vw, 1552px\" \/><\/figure>\n\n\n\n<hr class=\"wp-block-separator has-alpha-channel-opacity\"\/>\n\n\n\n<p><\/p>\n\n\n\n<p>Las propuestas de Formaci\u00f3n Continua para el ciclo lectivo 2022 son las siguientes:<\/p>\n\n\n\n<h4 class=\"wp-block-heading\"><strong>&nbsp;Post\u00edtulo docente&nbsp;<\/strong><\/h4>\n\n\n\n<p><strong>Marco normativo:<\/strong>&nbsp;<a href=\"https:\/\/drive.google.com\/file\/d\/1EoBYPe6pYK1mVQyVnOydho0bXSqqSxu8\/view?usp=drivesdk\">Resoluci\u00f3n 2126-DGE-11<\/a><\/p>\n\n\n\n<ul>\n<li><strong><a rel=\"noreferrer noopener\" href=\"https:\/\/ens9001-infd.mendoza.edu.ar\/sitio\/postitulo-abordaje-de-conflictos-en-instituciones-educativas\/\" target=\"_blank\">Actualizaci\u00f3n Acad\u00e9mica en Desarrollo de Alternativas para el Abordaje de Conflictos en las Instituciones Educativas<\/a> <span class=\"has-inline-color has-vivid-red-color\">&#8211; Inscripciones cerradas<\/span><\/strong><\/li>\n<\/ul>\n\n\n\n<h2 class=\"wp-block-heading\">&nbsp;<\/h2>\n\n\n\n<h4 class=\"wp-block-heading\"><strong>&nbsp;<\/strong><strong>Propuesta de educaci\u00f3n a distancia&nbsp;<\/strong><\/h4>\n\n\n\n<p><strong>Marco normativo:<\/strong>&nbsp;<a href=\"https:\/\/drive.google.com\/file\/d\/1i_GQjmRKBeQK8QPLDvBHojf5aOduA1aa\/view?usp=drivesdk\" target=\"_blank\" rel=\"noreferrer noopener\">Resoluci\u00f3n CFE N\u00ba 346\/18<\/a><\/p>\n\n\n\n<ul>\n<li><strong><a rel=\"noreferrer noopener\" href=\"https:\/\/ens9001-infd.mendoza.edu.ar\/sitio\/especializacion-docente-de-nivel-superior-en-educacion-maternal-2\/\" target=\"_blank\">Especializaci\u00f3n Docente de Nivel Superior en Educaci\u00f3n Maternal<\/a> <strong><strong><strong><span class=\"has-inline-color has-vivid-red-color\">&#8211; Inscripciones cerradas<\/span><\/strong><\/strong><\/strong><\/strong><\/li>\n<\/ul>\n\n\n\n<h2 class=\"wp-block-heading\">&nbsp;<\/h2>\n\n\n\n<h4 class=\"wp-block-heading\"><strong>&nbsp;Cursos de actualizaci\u00f3n y perfeccionamiento docente<\/strong><\/h4>\n\n\n\n<p><strong>Marco normativo: <\/strong><a href=\"https:\/\/drive.google.com\/file\/d\/1yne9Y3Bcdvi4xtwpYxJam8aaL_scnoN7\/view?usp=sharing\">Resoluci\u00f3n 1698-DGE-19<\/a><\/p>\n\n\n\n<ul>\n<li><strong><a rel=\"noreferrer noopener\" href=\"https:\/\/ens9001-infd.mendoza.edu.ar\/sitio\/curso-con-puntaje-docente-entornos-virtuales-de-aprendizaje\/\" target=\"_blank\">Entornos Virtuales de Aprendizaje. Plataformas educativas, clase virtual y recursos web 2.0<\/a> <strong><span class=\"has-inline-color has-vivid-red-color\">&#8211; Inscripciones cerradas<\/span><\/strong><\/strong><\/li>\n\n\n\n<li><a rel=\"noreferrer noopener\" href=\"https:\/\/ens9001-infd.mendoza.edu.ar\/sitio\/curso-con-puntaje-docente-\u200babordando-los-desafios-de-la-inclusion-discapacidad-enfermedades-raras-y-subjetividad-docente\/\" target=\"_blank\"><strong>Abordando los desaf\u00edos de la Inclusi\u00f3n.<\/strong> <strong>Discapacidad, Enfermedades Raras y Subjetividad Docente<\/strong><\/a><strong> <strong><span class=\"has-inline-color has-vivid-red-color\">&#8211; Inscripciones cerradas<\/span><\/strong><\/strong><\/li>\n\n\n\n<li><strong><a rel=\"noreferrer noopener\" href=\"https:\/\/ens9001-infd.mendoza.edu.ar\/sitio\/the-art-of-creating-self-learning-material-2\/\" target=\"_blank\"><strong>The Art of Creating Self-Learning Material<\/strong><\/a><\/strong> <strong><span class=\"has-inline-color has-vivid-red-color\"><strong>&#8211; Inscripciones cerradas<\/strong><\/span><\/strong><\/li>\n\n\n\n<li><strong><a rel=\"noreferrer noopener\" href=\"https:\/\/ens9001-infd.mendoza.edu.ar\/sitio\/curso-con-puntaje-docente-memorias-narradas-taller-de-escrituras-de-formacion-docente\/\" target=\"_blank\">Memorias narradas. Taller de escrituras de formaci\u00f3n docente<\/a><\/strong> <span class=\"has-inline-color has-vivid-green-cyan-color\"><strong>&#8211; Inscripciones abiertas<\/strong><\/span> <\/li>\n<\/ul>\n\n\n\n<h2 class=\"wp-block-heading\">&nbsp;<\/h2>\n\n\n\n<h4 class=\"wp-block-heading\"><strong>&nbsp;Acciones formativas con certificaci\u00f3n institucional<\/strong><\/h4>\n\n\n\n<ul>\n<li><strong><a rel=\"noreferrer noopener\" href=\"https:\/\/ens9001-infd.mendoza.edu.ar\/sitio\/ciclo-de-formacion-agenda-para-formadores\/\" target=\"_blank\">Ciclo de Formaci\u00f3n &#8211; \u00abAgenda para formadores. A 15 a\u00f1os de los acuerdos federales instituyentes del Sistema Nacional de Formaci\u00f3n Docente\u00bb<\/a><\/strong> <strong><span class=\"has-inline-color has-vivid-red-color\"><strong>&#8211; Inscripciones cerradas<\/strong><\/span><\/strong><\/li>\n<\/ul>\n\n\n\n<hr class=\"wp-block-separator has-css-opacity\"\/>\n\n\n\n<p>Pueden realizar consultas a trav\u00e9s de WhatsApp los siguientes d\u00edas y horarios:<\/p>\n\n\n\n<ul>\n<li>Lunes a viernes: de 10 a 11 y de 17 a 18 hs.<\/li>\n<\/ul>\n\n\n<div class=\"wp-block-image\">\n<figure class=\"aligncenter\"><a href=\"https:\/\/chat.whatsapp.com\/DAEL0ItGLhKLPsfNzV0Lun\"><img decoding=\"async\" loading=\"lazy\" width=\"1000\" height=\"111\" src=\"https:\/\/ens9001-infd.mendoza.edu.ar\/sitio\/wp-content\/uploads\/2020\/05\/Mesa-de-entradas-CFC-1000x111.jpeg\" alt=\"\" class=\"wp-image-11021\" srcset=\"https:\/\/ens9001-infd.mendoza.edu.ar\/sitio\/wp-content\/uploads\/2020\/05\/Mesa-de-entradas-CFC-1000x111.jpeg 1000w, https:\/\/ens9001-infd.mendoza.edu.ar\/sitio\/wp-content\/uploads\/2020\/05\/Mesa-de-entradas-CFC-768x85.jpeg 768w, https:\/\/ens9001-infd.mendoza.edu.ar\/sitio\/wp-content\/uploads\/2020\/05\/Mesa-de-entradas-CFC.jpeg 1042w\" sizes=\"(max-width: 1000px) 100vw, 1000px\" \/><\/a><\/figure><\/div>\n\n\n<p class=\"has-text-align-center\"><a rel=\"noreferrer noopener\" href=\"https:\/\/chat.whatsapp.com\/G2m01KzV1Kf05byyZR3siL\" target=\"_blank\"><strong><span style=\"text-decoration: underline;\">https:\/\/chat.whatsapp.com<\/span><\/strong><\/a><\/p>\n\n\n\n<p>Las consultas ser\u00e1n respondidas en el transcurso del d\u00eda.<\/p>\n\n\n\n<hr class=\"wp-block-separator has-css-opacity\"\/>\n\n\n\n<pre class=\"wp-block-preformatted\"><strong>Pr\u00f3ximamente estar\u00e1n disponibles nuevas propuestas formativas que se encuentran en evaluaci\u00f3n&nbsp;<\/strong><\/pre>\n","protected":false},"excerpt":{"rendered":"<p>Las propuestas de Formaci\u00f3n Continua para el ciclo lectivo 2022 son las siguientes: &nbsp;Post\u00edtulo docente&nbsp; Marco normativo:&nbsp;Resoluci\u00f3n 2126-DGE-11 &nbsp; &nbsp;Propuesta de educaci\u00f3n a distancia&nbsp; Marco normativo:&nbsp;Resoluci\u00f3n CFE N\u00ba 346\/18 &nbsp; &nbsp;Cursos de actualizaci\u00f3n y perfeccionamiento docente Marco normativo: Resoluci\u00f3n 1698-DGE-19 &nbsp; &nbsp;Acciones formativas con certificaci\u00f3n institucional Pueden realizar consultas a trav\u00e9s de WhatsApp los siguientes &#8230; <a title=\"Propuestas de Formaci\u00f3n Continua 2022\" class=\"read-more\" href=\"https:\/\/ens9001-infd.mendoza.edu.ar\/sitio\/propuestas-de-formacion-continua-2022\/\" aria-label=\"More on Propuestas de Formaci\u00f3n Continua 2022\">[+]<\/a><\/p>\n","protected":false},"author":6668,"featured_media":0,"parent":0,"menu_order":0,"comment_status":"closed","ping_status":"closed","template":"","meta":[],"acf":[],"_links":{"self":[{"href":"https:\/\/ens9001-infd.mendoza.edu.ar\/sitio\/wp-json\/wp\/v2\/pages\/15522"}],"collection":[{"href":"https:\/\/ens9001-infd.mendoza.edu.ar\/sitio\/wp-json\/wp\/v2\/pages"}],"about":[{"href":"https:\/\/ens9001-infd.mendoza.edu.ar\/sitio\/wp-json\/wp\/v2\/types\/page"}],"author":[{"embeddable":true,"href":"https:\/\/ens9001-infd.mendoza.edu.ar\/sitio\/wp-json\/wp\/v2\/users\/6668"}],"replies":[{"embeddable":true,"href":"https:\/\/ens9001-infd.mendoza.edu.ar\/sitio\/wp-json\/wp\/v2\/comments?post=15522"}],"version-history":[{"count":10,"href":"https:\/\/ens9001-infd.mendoza.edu.ar\/sitio\/wp-json\/wp\/v2\/pages\/15522\/revisions"}],"predecessor-version":[{"id":17758,"href":"https:\/\/ens9001-infd.mendoza.edu.ar\/sitio\/wp-json\/wp\/v2\/pages\/15522\/revisions\/17758"}],"wp:attachment":[{"href":"https:\/\/ens9001-infd.mendoza.edu.ar\/sitio\/wp-json\/wp\/v2\/media?parent=15522"}],"curies":[{"name":"wp","href":"https:\/\/api.w.org\/{rel}","templated":true}]}}