{"id":14612,"date":"2021-10-03T11:26:45","date_gmt":"2021-10-03T14:26:45","guid":{"rendered":"https:\/\/ens9001-infd.mendoza.edu.ar\/sitio\/?page_id=14612"},"modified":"2021-10-04T08:53:33","modified_gmt":"2021-10-04T11:53:33","slug":"formularios-de-pre-inscripcion-ciclo-lectivo-2022","status":"publish","type":"page","link":"https:\/\/ens9001-infd.mendoza.edu.ar\/sitio\/formularios-de-pre-inscripcion-ciclo-lectivo-2022\/","title":{"rendered":"Formularios de Pre Inscripci\u00f3n Ciclo lectivo 2022"},"content":{"rendered":"\n<h4 class=\"wp-block-heading\"><strong>Formularios de Pre-Inscripciones<\/strong><\/h4>\n\n\n\n<h5 class=\"wp-block-heading\"><strong>Profesorados<\/strong><\/h5>\n\n\n\n<p><em>Sede San Mart\u00edn<\/em><\/p>\n\n\n\n<ul><li><a href=\"https:\/\/forms.gle\/fba8Z8n9xymhoDyWA\">Profesorado de Educaci\u00f3n Especial con Orientaci\u00f3n en Discapacidad Intelectual<\/a><\/li><li><a href=\"https:\/\/forms.gle\/NFcyavAvjiaGkdby7\">Profesorado de Educaci\u00f3n Inicial<\/a><\/li><li><a href=\"https:\/\/forms.gle\/rY7hBvA36UsVUWG89\">Profesorado de Educaci\u00f3n Primaria<\/a><\/li><li><a href=\"https:\/\/docs.google.com\/forms\/d\/e\/1FAIpQLScl3ccPs3vsy1Jxu3yc_9Z-sGJl42Cl1UHvLHV7-d5R0xj3LA\/viewform\">Profesorado de Educaci\u00f3n Secundaria en <\/a><a href=\"https:\/\/forms.gle\/rDje8JQ6Kx7PShZt7\">Biolog\u00eda<\/a><\/li><li><a href=\"https:\/\/forms.gle\/w7mYxVFHTVtYcj3w7\">Profesorado de Educaci\u00f3n Secundaria en Geograf\u00eda<\/a><\/li><li><a href=\"https:\/\/forms.gle\/nKmvBfoAdT2BNEUW8\">Profesorado de Educaci\u00f3n Secundaria en Historia<\/a><\/li><li><a href=\"https:\/\/forms.gle\/gpxyX5KovHYwXV2L6\">Profesorado de Educaci\u00f3n Secundaria en Ingl\u00e9s<\/a><\/li><li><a href=\"https:\/\/forms.gle\/pKBQ9tQvDY9yoAVZ8\">Profesorado de Educaci\u00f3n Secundaria en Lengua y Literatura<\/a><\/li><\/ul>\n\n\n\n<h5 class=\"wp-block-heading\"><strong><br>Tecnicaturas<\/strong><\/h5>\n\n\n\n<p><em>Sede Jun\u00edn&nbsp;<\/em><\/p>\n\n\n\n<ul><li><a href=\"https:\/\/docs.google.com\/forms\/d\/e\/1FAIpQLSfeB-t6I4S_blxS2TCvwmbxFeOe-R29eweW7u0th9nA1163zQ\/viewform?usp=sf_link\">Tecnicatura Superior en Agronom\u00eda<\/a><\/li><li><a href=\"https:\/\/forms.gle\/gYkyrjz8HCZLccJP8\">Tecnicatura Superior en Enolog\u00eda e Industrias de los alimentos<\/a><\/li><\/ul>\n\n\n\n<p><em>Sede San Mart\u00edn<\/em><\/p>\n\n\n\n<ul><li><a href=\"https:\/\/docs.google.com\/forms\/d\/e\/1FAIpQLScPJ1TbCd-g9VezX1ZXWjn-n7uvJ7Vmxh7E4D6bcsSz4lJ0Kg\/viewform?usp=sf_link\">Tecnicatura Superior en Administraci\u00f3n P\u00fablica<\/a><\/li><li><a href=\"https:\/\/forms.gle\/R78TATF3KUy8cBdk8\">Tecnicatura Superior en Comunicaci\u00f3n Social<\/a><\/li><li><a href=\"https:\/\/forms.gle\/1T59jz4mb57SxVdZ6\">Tecnicatura Superior en Dise\u00f1o de Indumentaria, textil y Accesorios<\/a><\/li><li><a href=\"https:\/\/forms.gle\/Dm4EGqMCu8YV7SVB8\">Tecnicatura Superior en Higiene y Seguridad Laboral<\/a><\/li><\/ul>\n\n\n\n<p><em>Sede Palmira<\/em><\/p>\n\n\n\n<ul><li><a href=\"https:\/\/forms.gle\/p75coTrhc8KhPvUy6\">Tecnicatura Superior en Higiene y Seguridad Laboral<\/a><\/li><\/ul>\n","protected":false},"excerpt":{"rendered":"<p>Formularios de Pre-Inscripciones Profesorados Sede San Mart\u00edn Profesorado de Educaci\u00f3n Especial con Orientaci\u00f3n en Discapacidad Intelectual Profesorado de Educaci\u00f3n Inicial Profesorado de Educaci\u00f3n Primaria Profesorado de Educaci\u00f3n Secundaria en Biolog\u00eda Profesorado de Educaci\u00f3n Secundaria en Geograf\u00eda Profesorado de Educaci\u00f3n Secundaria en Historia Profesorado de Educaci\u00f3n Secundaria en Ingl\u00e9s Profesorado de Educaci\u00f3n Secundaria en Lengua y &#8230; <a title=\"Formularios de Pre Inscripci\u00f3n Ciclo lectivo 2022\" class=\"read-more\" href=\"https:\/\/ens9001-infd.mendoza.edu.ar\/sitio\/formularios-de-pre-inscripcion-ciclo-lectivo-2022\/\" aria-label=\"More on Formularios de Pre Inscripci\u00f3n Ciclo lectivo 2022\">[+]<\/a><\/p>\n","protected":false},"author":6607,"featured_media":0,"parent":0,"menu_order":0,"comment_status":"closed","ping_status":"closed","template":"","meta":[],"acf":[],"_links":{"self":[{"href":"https:\/\/ens9001-infd.mendoza.edu.ar\/sitio\/wp-json\/wp\/v2\/pages\/14612"}],"collection":[{"href":"https:\/\/ens9001-infd.mendoza.edu.ar\/sitio\/wp-json\/wp\/v2\/pages"}],"about":[{"href":"https:\/\/ens9001-infd.mendoza.edu.ar\/sitio\/wp-json\/wp\/v2\/types\/page"}],"author":[{"embeddable":true,"href":"https:\/\/ens9001-infd.mendoza.edu.ar\/sitio\/wp-json\/wp\/v2\/users\/6607"}],"replies":[{"embeddable":true,"href":"https:\/\/ens9001-infd.mendoza.edu.ar\/sitio\/wp-json\/wp\/v2\/comments?post=14612"}],"version-history":[{"count":5,"href":"https:\/\/ens9001-infd.mendoza.edu.ar\/sitio\/wp-json\/wp\/v2\/pages\/14612\/revisions"}],"predecessor-version":[{"id":14622,"href":"https:\/\/ens9001-infd.mendoza.edu.ar\/sitio\/wp-json\/wp\/v2\/pages\/14612\/revisions\/14622"}],"wp:attachment":[{"href":"https:\/\/ens9001-infd.mendoza.edu.ar\/sitio\/wp-json\/wp\/v2\/media?parent=14612"}],"curies":[{"name":"wp","href":"https:\/\/api.w.org\/{rel}","templated":true}]}}