{"id":13956,"date":"2021-09-03T11:39:10","date_gmt":"2021-09-03T14:39:10","guid":{"rendered":"https:\/\/ens9001-infd.mendoza.edu.ar\/sitio\/?page_id=13956"},"modified":"2021-09-03T14:10:14","modified_gmt":"2021-09-03T17:10:14","slug":"actualizacion-academica-en-ensenanza-de-ingles-como-lengua-extranjera","status":"publish","type":"page","link":"https:\/\/ens9001-infd.mendoza.edu.ar\/sitio\/actualizacion-academica-en-ensenanza-de-ingles-como-lengua-extranjera\/","title":{"rendered":"Actualizaci\u00f3n Acad\u00e9mica en Ense\u00f1anza de ingl\u00e9s como lengua extranjera"},"content":{"rendered":"\n<div class=\"wp-block-group\"><div class=\"wp-block-group__inner-container is-layout-flow\">\n<figure class=\"wp-block-image\"><img decoding=\"async\" loading=\"lazy\" width=\"1000\" height=\"134\" src=\"https:\/\/ens9001-infd.mendoza.edu.ar\/sitio\/wp-content\/uploads\/2019\/04\/Membrete-2-1000x134.png\" alt=\"\" class=\"wp-image-7528\" srcset=\"https:\/\/ens9001-infd.mendoza.edu.ar\/sitio\/wp-content\/uploads\/2019\/04\/Membrete-2-1000x134.png 1000w, https:\/\/ens9001-infd.mendoza.edu.ar\/sitio\/wp-content\/uploads\/2019\/04\/Membrete-2-768x103.png 768w, https:\/\/ens9001-infd.mendoza.edu.ar\/sitio\/wp-content\/uploads\/2019\/04\/Membrete-2-1900x255.png 1900w\" sizes=\"(max-width: 1000px) 100vw, 1000px\" \/><\/figure>\n\n\n\n<h5 class=\"wp-block-heading\">Post\u00edtulo:<\/h5>\n\n\n\n<h4 class=\"has-text-align-center wp-block-heading\">Actualizaci\u00f3n Acad\u00e9mica en Ense\u00f1anza de ingl\u00e9s como lengua extranjera<\/h4>\n\n\n\n<h5 class=\"wp-block-heading\"><strong>&nbsp;<\/strong><\/h5>\n\n\n\n<p><\/p>\n\n\n\n<h5 class=\"wp-block-heading\"><img decoding=\"async\" loading=\"lazy\" width=\"1239\" height=\"777\" class=\"wp-image-9181\" style=\"width: 38px;\" src=\"https:\/\/ens9001-infd.mendoza.edu.ar\/sitio\/wp-content\/uploads\/2019\/09\/CFC-Iso-trans.png\" alt=\"\" srcset=\"https:\/\/ens9001-infd.mendoza.edu.ar\/sitio\/wp-content\/uploads\/2019\/09\/CFC-Iso-trans.png 1239w, https:\/\/ens9001-infd.mendoza.edu.ar\/sitio\/wp-content\/uploads\/2019\/09\/CFC-Iso-trans-1000x627.png 1000w, https:\/\/ens9001-infd.mendoza.edu.ar\/sitio\/wp-content\/uploads\/2019\/09\/CFC-Iso-trans-768x482.png 768w\" sizes=\"(max-width: 1239px) 100vw, 1239px\" \/> Resoluci\u00f3n de aprobaci\u00f3n:<\/h5>\n\n\n\n<p><a rel=\"noreferrer noopener\" href=\"https:\/\/drive.google.com\/open?id=1TXy-niovVZLDEYlksWky1KUpymtZHKZx\" target=\"_blank\">Resoluci\u00f3n N\u00ba 50<\/a><a href=\"https:\/\/drive.google.com\/open?id=1TXy-niovVZLDEYlksWky1KUpymtZHKZx\" target=\"_blank\" rel=\"noreferrer noopener\">6<\/a><a rel=\"noreferrer noopener\" href=\"https:\/\/drive.google.com\/open?id=1TXy-niovVZLDEYlksWky1KUpymtZHKZx\" target=\"_blank\">-DGE-19<\/a><\/p>\n\n\n\n<h5 class=\"wp-block-heading\"><strong>&nbsp;<\/strong><\/h5>\n\n\n\n<h5 class=\"wp-block-heading\"><img decoding=\"async\" loading=\"lazy\" width=\"1239\" height=\"777\" class=\"wp-image-9181\" style=\"width: 38px;\" src=\"https:\/\/ens9001-infd.mendoza.edu.ar\/sitio\/wp-content\/uploads\/2019\/09\/CFC-Iso-trans.png\" alt=\"\" srcset=\"https:\/\/ens9001-infd.mendoza.edu.ar\/sitio\/wp-content\/uploads\/2019\/09\/CFC-Iso-trans.png 1239w, https:\/\/ens9001-infd.mendoza.edu.ar\/sitio\/wp-content\/uploads\/2019\/09\/CFC-Iso-trans-1000x627.png 1000w, https:\/\/ens9001-infd.mendoza.edu.ar\/sitio\/wp-content\/uploads\/2019\/09\/CFC-Iso-trans-768x482.png 768w\" sizes=\"(max-width: 1239px) 100vw, 1239px\" \/> Destinatarios:<\/h5>\n\n\n\n<p>La presente propuesta est\u00e1 dirigida a profesores de Ingl\u00e9s de los diferentes niveles (inicial, primario, secundario y superior) y modalidades que posean t\u00edtulo habilitante avalado por la DGE.&nbsp; Los requisitos de admisi\u00f3n son: t\u00edtulo docente, t\u00edtulo de educaci\u00f3n superior.<\/p>\n\n\n\n<h5 class=\"wp-block-heading\"><strong>&nbsp;<\/strong><\/h5>\n\n\n\n<h5 class=\"wp-block-heading\"><img decoding=\"async\" loading=\"lazy\" width=\"1239\" height=\"777\" class=\"wp-image-9181\" style=\"width: 38px;\" src=\"https:\/\/ens9001-infd.mendoza.edu.ar\/sitio\/wp-content\/uploads\/2019\/09\/CFC-Iso-trans.png\" alt=\"\" srcset=\"https:\/\/ens9001-infd.mendoza.edu.ar\/sitio\/wp-content\/uploads\/2019\/09\/CFC-Iso-trans.png 1239w, https:\/\/ens9001-infd.mendoza.edu.ar\/sitio\/wp-content\/uploads\/2019\/09\/CFC-Iso-trans-1000x627.png 1000w, https:\/\/ens9001-infd.mendoza.edu.ar\/sitio\/wp-content\/uploads\/2019\/09\/CFC-Iso-trans-768x482.png 768w\" sizes=\"(max-width: 1239px) 100vw, 1239px\" \/> Objetivos:<\/h5>\n\n\n\n<p><strong>Objetivo general de la formaci\u00f3n<\/strong><\/p>\n\n\n\n<p>Proporcionar conocimiento actualizado sobre las nuevas corrientes pedag\u00f3gico-did\u00e1cticas en la ense\u00f1anza del ingl\u00e9s como lengua extranjera.<\/p>\n\n\n\n<p><strong>Objetivos espec\u00edficos<\/strong><\/p>\n\n\n\n<ul><li>Generar conocimiento que permita la comprensi\u00f3n y la gesti\u00f3n de culturas, pol\u00edticas y pr\u00e1cticas inclusivas en las escuelas.<\/li><li>&nbsp;Generar un espacio de reflexi\u00f3n, aprendizaje e intercambio sobre inclusi\u00f3n educativa considerando la educaci\u00f3n y la diversidad.<\/li><li>Promover un modelo de educaci\u00f3n inclusiva basada en la atenci\u00f3n a la diversidad para avanzar hacia sistemas educativos m\u00e1s equitativos y de mayor calidad para todo el alumnado.<\/li><li>Construir una actitud abierta, receptiva a las innovaciones en el trabajo con la diversidad, comprensiva y respetuosa de las diferencias, generosa en su accionar y comprometida con su rol.<\/li><li>Favorecer la comprensi\u00f3n de la interrelaci\u00f3n entre pol\u00edticas, cultura y pr\u00e1cticas educativas; teniendo en cuenta el devenir hist\u00f3rico y las modificaciones de estas dimensiones a lo largo del tiempo. <\/li><li>Brindar herramientas para la comprensi\u00f3n de las relaciones existentes entre la evaluaci\u00f3n continua y la planificaci\u00f3n de configuraciones de apoyo que favorezcan el aprendizaje y la participaci\u00f3n de todos los alumnos.<\/li><\/ul>\n\n\n\n<h5 class=\"wp-block-heading\"><strong>&nbsp;<\/strong><\/h5>\n\n\n\n<h5 class=\"wp-block-heading\"><img decoding=\"async\" loading=\"lazy\" width=\"1239\" height=\"777\" class=\"wp-image-9181\" style=\"width: 38px;\" src=\"https:\/\/ens9001-infd.mendoza.edu.ar\/sitio\/wp-content\/uploads\/2019\/09\/CFC-Iso-trans.png\" alt=\"\" srcset=\"https:\/\/ens9001-infd.mendoza.edu.ar\/sitio\/wp-content\/uploads\/2019\/09\/CFC-Iso-trans.png 1239w, https:\/\/ens9001-infd.mendoza.edu.ar\/sitio\/wp-content\/uploads\/2019\/09\/CFC-Iso-trans-1000x627.png 1000w, https:\/\/ens9001-infd.mendoza.edu.ar\/sitio\/wp-content\/uploads\/2019\/09\/CFC-Iso-trans-768x482.png 768w\" sizes=\"(max-width: 1239px) 100vw, 1239px\" \/> Estructura Curricular:<\/h5>\n\n\n\n<p>M\u00f3dulo I: El desarrollo de la habilidad del habla.<\/p>\n\n\n\n<p>M\u00f3dulo II: La escritura: procesos y pasos necesarios en la construcci\u00f3n de discursos significativos.<\/p>\n\n\n\n<p>M\u00f3dulo III: La literatura anglo-argentina como ventana abierta al aprendizaje de una nueva cultura comunicativa.<\/p>\n\n\n\n<p>M\u00f3dulo IV: Riqueza de la variedad metodol\u00f3gica en la ense\u00f1anza del ingl\u00e9s como lengua extranjera.<\/p>\n\n\n\n<h5 class=\"wp-block-heading\"><strong>&nbsp;<\/strong><\/h5>\n\n\n\n<h5 class=\"wp-block-heading\"><img decoding=\"async\" loading=\"lazy\" width=\"1239\" height=\"777\" class=\"wp-image-9181\" style=\"width: 38px;\" src=\"https:\/\/ens9001-infd.mendoza.edu.ar\/sitio\/wp-content\/uploads\/2019\/09\/CFC-Iso-trans.png\" alt=\"\" srcset=\"https:\/\/ens9001-infd.mendoza.edu.ar\/sitio\/wp-content\/uploads\/2019\/09\/CFC-Iso-trans.png 1239w, https:\/\/ens9001-infd.mendoza.edu.ar\/sitio\/wp-content\/uploads\/2019\/09\/CFC-Iso-trans-1000x627.png 1000w, https:\/\/ens9001-infd.mendoza.edu.ar\/sitio\/wp-content\/uploads\/2019\/09\/CFC-Iso-trans-768x482.png 768w\" sizes=\"(max-width: 1239px) 100vw, 1239px\" \/> Carga horaria:<\/h5>\n\n\n\n<p>La presente propuesta tendr\u00e1 una carga horaria total de 200 horas reloj repartidas en cuatro m\u00f3dulos de 50 horas reloj cada uno. La propuesta contempla un total de 30% de la carga de manera no presencial y el 70 % restante de manera presencial. Adecu\u00e1ndose a la modalidad virtual prevista por la contingencia sanitaria.<\/p>\n\n\n\n<h5 class=\"wp-block-heading\"><strong>&nbsp;<\/strong><\/h5>\n\n\n\n<h5 class=\"wp-block-heading\" id=\"block-33623f9f-6582-4a31-a1f4-68cd5e2bfa45\"><img decoding=\"async\" src=\"https:\/\/ens9001-infd.mendoza.edu.ar\/sitio\/wp-content\/uploads\/2019\/09\/CFC-Iso-trans.png\" alt=\"\" style=\"width: 38px;\"> Duraci\u00f3n:<\/h5>\n\n\n\n<p>Un a\u00f1o de cursado.<\/p>\n\n\n\n<h5 class=\"wp-block-heading\"><strong>&nbsp;<\/strong><\/h5>\n\n\n\n<h5 class=\"wp-block-heading\" id=\"block-65c0cfa4-0171-4327-8564-abafe2d75a11\"><img decoding=\"async\" src=\"https:\/\/ens9001-infd.mendoza.edu.ar\/sitio\/wp-content\/uploads\/2019\/09\/CFC-Iso-trans.png\" alt=\"\" style=\"width: 38px;\"> <strong>Lugar, d<\/strong>\u00edas y horarios de cursado:<\/h5>\n\n\n\n<p>En el marco del Proyecto de Virtualizaci\u00f3n de la Formaci\u00f3n Continua del Plan de Contingencia Institucional ante la Emergencia Sanitaria.<\/p>\n\n\n\n<p>Los encuentros virtuales sincr\u00f3nicos y las instancias presenciales, en el caso que puedan llevarse a cabo, se realizar\u00e1n los d\u00edas <strong>viernes a partir de las 18:00 hs.<\/strong><\/p>\n\n\n\n<h5 class=\"wp-block-heading\"><strong>&nbsp;<\/strong><\/h5>\n\n\n\n<h5 class=\"wp-block-heading\" id=\"block-aaae16f2-6ed9-4767-8903-cc572d678254\"><img decoding=\"async\" src=\"https:\/\/ens9001-infd.mendoza.edu.ar\/sitio\/wp-content\/uploads\/2019\/09\/CFC-Iso-trans.png\" alt=\"\" style=\"width: 38px;\"> Inicio del cursado:<\/h5>\n\n\n\n<p>Actividad de inicio de las actividades acad\u00e9micas:&nbsp;<strong>viernes 24 de setiembre.<\/strong><\/p>\n\n\n\n<h5 class=\"wp-block-heading\"><strong>&nbsp;<\/strong><\/h5>\n\n\n\n<h5 class=\"wp-block-heading\" id=\"block-4f01baa8-5420-447f-9345-25a300586ced\"><img decoding=\"async\" src=\"https:\/\/ens9001-infd.mendoza.edu.ar\/sitio\/wp-content\/uploads\/2019\/09\/CFC-Iso-trans.png\" alt=\"\" style=\"width: 38px;\"> <strong>Inscripci\u00f3n y consulta<\/strong>:<\/h5>\n\n\n\n<p>Los\/as docentes interesados\/as deber\u00e1n pre-inscribirse a trav\u00e9s del&nbsp;formulario digital&nbsp;y completar el proceso de inscripci\u00f3n de acuerdo a las orientaciones que recibir\u00e1n en su correo electr\u00f3nico enviado desde la Bedel\u00eda del Centro de Formaci\u00f3n Continua: <strong>bedelia.cfc9001@gmail.com<\/strong><\/p>\n\n\n\n<p>Tambi\u00e9n pueden realizar consultas a trav\u00e9s de WhatsApp los siguientes d\u00edas y horarios:<\/p>\n\n\n\n<ul><li>Lunes a viernes: de 10 a 11 y de 16:00 a 17:00 hs.<\/li><\/ul>\n\n\n\n<div class=\"wp-block-image\"><figure class=\"aligncenter is-resized\"><a href=\"https:\/\/chat.whatsapp.com\/DAEL0ItGLhKLPsfNzV0Lun\"><img decoding=\"async\" loading=\"lazy\" src=\"https:\/\/ens9001-infd.mendoza.edu.ar\/sitio\/wp-content\/uploads\/2020\/05\/Mesa-de-entradas-CFC-1000x111.jpeg\" alt=\"\" class=\"wp-image-11021\" width=\"452\" height=\"50\" srcset=\"https:\/\/ens9001-infd.mendoza.edu.ar\/sitio\/wp-content\/uploads\/2020\/05\/Mesa-de-entradas-CFC-1000x111.jpeg 1000w, https:\/\/ens9001-infd.mendoza.edu.ar\/sitio\/wp-content\/uploads\/2020\/05\/Mesa-de-entradas-CFC-768x85.jpeg 768w, https:\/\/ens9001-infd.mendoza.edu.ar\/sitio\/wp-content\/uploads\/2020\/05\/Mesa-de-entradas-CFC.jpeg 1042w\" sizes=\"(max-width: 452px) 100vw, 452px\" \/><\/a><\/figure><\/div>\n\n\n\n<p class=\"has-text-align-center\"><a href=\"https:\/\/chat.whatsapp.com\/KQbusqF0DrjAYFCHbXi5Q8\">https:\/\/chat.whatsapp.com\/KQbusqF0DrjAYFCHbXi5Q8<\/a><\/p>\n\n\n\n<p>Las consultas ser\u00e1n respondidas en el transcurso del d\u00eda.<\/p>\n\n\n\n<p class=\"has-text-align-center\"><\/p>\n\n\n\n<hr class=\"wp-block-separator\"\/>\n\n\n\n<h2 class=\"has-text-align-center wp-block-heading\"><a href=\"https:\/\/forms.gle\/vRMBKcNDadoByGBG9\" target=\"_blank\" rel=\"noreferrer noopener\"><strong>Formulario de pre-inscripci\u00f3n<\/strong><\/a><\/h2>\n\n\n\n<p class=\"has-text-align-center\"><a href=\"https:\/\/ens9001-infd.mendoza.edu.ar\/sitio\/propuestas-de-formacion-continua-2021\/\" target=\"_blank\" rel=\"noreferrer noopener\"><strong>Ver m\u00e1s ofertas de Formaci\u00f3n Continua 2021<\/strong><\/a><\/p>\n<\/div><\/div>\n\n\n\n<p><\/p>\n","protected":false},"excerpt":{"rendered":"<p>Post\u00edtulo: Actualizaci\u00f3n Acad\u00e9mica en Ense\u00f1anza de ingl\u00e9s como lengua extranjera &nbsp; Resoluci\u00f3n de aprobaci\u00f3n: Resoluci\u00f3n N\u00ba 506-DGE-19 &nbsp; Destinatarios: La presente propuesta est\u00e1 dirigida a profesores de Ingl\u00e9s de los diferentes niveles (inicial, primario, secundario y superior) y modalidades que posean t\u00edtulo habilitante avalado por la DGE.&nbsp; Los requisitos de admisi\u00f3n son: t\u00edtulo docente, t\u00edtulo &#8230; <a title=\"Actualizaci\u00f3n Acad\u00e9mica en Ense\u00f1anza de ingl\u00e9s como lengua extranjera\" class=\"read-more\" href=\"https:\/\/ens9001-infd.mendoza.edu.ar\/sitio\/actualizacion-academica-en-ensenanza-de-ingles-como-lengua-extranjera\/\" aria-label=\"More on Actualizaci\u00f3n Acad\u00e9mica en Ense\u00f1anza de ingl\u00e9s como lengua extranjera\">[+]<\/a><\/p>\n","protected":false},"author":6668,"featured_media":0,"parent":0,"menu_order":0,"comment_status":"closed","ping_status":"closed","template":"","meta":[],"acf":[],"_links":{"self":[{"href":"https:\/\/ens9001-infd.mendoza.edu.ar\/sitio\/wp-json\/wp\/v2\/pages\/13956"}],"collection":[{"href":"https:\/\/ens9001-infd.mendoza.edu.ar\/sitio\/wp-json\/wp\/v2\/pages"}],"about":[{"href":"https:\/\/ens9001-infd.mendoza.edu.ar\/sitio\/wp-json\/wp\/v2\/types\/page"}],"author":[{"embeddable":true,"href":"https:\/\/ens9001-infd.mendoza.edu.ar\/sitio\/wp-json\/wp\/v2\/users\/6668"}],"replies":[{"embeddable":true,"href":"https:\/\/ens9001-infd.mendoza.edu.ar\/sitio\/wp-json\/wp\/v2\/comments?post=13956"}],"version-history":[{"count":10,"href":"https:\/\/ens9001-infd.mendoza.edu.ar\/sitio\/wp-json\/wp\/v2\/pages\/13956\/revisions"}],"predecessor-version":[{"id":13979,"href":"https:\/\/ens9001-infd.mendoza.edu.ar\/sitio\/wp-json\/wp\/v2\/pages\/13956\/revisions\/13979"}],"wp:attachment":[{"href":"https:\/\/ens9001-infd.mendoza.edu.ar\/sitio\/wp-json\/wp\/v2\/media?parent=13956"}],"curies":[{"name":"wp","href":"https:\/\/api.w.org\/{rel}","templated":true}]}}