{"id":13104,"date":"2021-04-27T22:49:10","date_gmt":"2021-04-28T01:49:10","guid":{"rendered":"https:\/\/ens9001-infd.mendoza.edu.ar\/sitio\/?page_id=13104"},"modified":"2022-05-06T18:15:33","modified_gmt":"2022-05-06T21:15:33","slug":"especializacion-docente-de-nivel-superior-en-educacion-maternal-2","status":"publish","type":"page","link":"https:\/\/ens9001-infd.mendoza.edu.ar\/sitio\/especializacion-docente-de-nivel-superior-en-educacion-maternal-2\/","title":{"rendered":"Especializaci\u00f3n Docente de Nivel Superior en Educaci\u00f3n Maternal"},"content":{"rendered":"\n<figure class=\"wp-block-image\"><img decoding=\"async\" src=\"https:\/\/ens9001-infd.mendoza.edu.ar\/sitio\/wp-content\/uploads\/2022\/04\/Membrete-2-1000x134-1.png\" alt=\"La imagen tiene un atributo ALT vac\u00edo; su nombre de archivo es Membrete-2-1000x134-1.png\"\/><\/figure>\n\n\n\n<h4 class=\"wp-block-heading\">&nbsp;<\/h4>\n\n\n\n<h4 class=\"wp-block-heading\"><strong>Post\u00edtulo<\/strong>:<\/h4>\n\n\n\n<h4 class=\"has-text-align-center wp-block-heading\">Especializaci\u00f3n Docente de Nivel Superior en<br>Educaci\u00f3n Maternal<\/h4>\n\n\n\n<h5 class=\"wp-block-heading\"><strong><img decoding=\"async\" loading=\"lazy\" class=\"wp-image-7531 alignnone\" src=\"https:\/\/ens9001-infd.mendoza.edu.ar\/sitio\/wp-content\/uploads\/2019\/04\/CFC-Iso-trans-1000x627.png\" alt=\"\" width=\"38\" height=\"23\" srcset=\"https:\/\/ens9001-infd.mendoza.edu.ar\/sitio\/wp-content\/uploads\/2019\/04\/CFC-Iso-trans-1000x627.png 1000w, https:\/\/ens9001-infd.mendoza.edu.ar\/sitio\/wp-content\/uploads\/2019\/04\/CFC-Iso-trans-768x482.png 768w, https:\/\/ens9001-infd.mendoza.edu.ar\/sitio\/wp-content\/uploads\/2019\/04\/CFC-Iso-trans.png 1239w\" sizes=\"(max-width: 38px) 100vw, 38px\" \/>&nbsp;<\/strong>Resoluci\u00f3n de aprobaci\u00f3n:<\/h5>\n\n\n\n<p><a href=\"https:\/\/drive.google.com\/file\/d\/1iY3FfLRRw0Yrqpuhcx9z82VQ197H0mvN\/view?usp=sharing\" target=\"_blank\" rel=\"noopener\">Resoluci\u00f3n 3072-DGE-2021<\/a><\/p>\n\n\n\n<h5 class=\"wp-block-heading\">&nbsp;<\/h5>\n\n\n\n<h5 class=\"wp-block-heading\"><strong><img decoding=\"async\" loading=\"lazy\" class=\"wp-image-7531 alignnone\" src=\"https:\/\/ens9001-infd.mendoza.edu.ar\/sitio\/wp-content\/uploads\/2019\/04\/CFC-Iso-trans-1000x627.png\" alt=\"\" width=\"38\" height=\"23\" srcset=\"https:\/\/ens9001-infd.mendoza.edu.ar\/sitio\/wp-content\/uploads\/2019\/04\/CFC-Iso-trans-1000x627.png 1000w, https:\/\/ens9001-infd.mendoza.edu.ar\/sitio\/wp-content\/uploads\/2019\/04\/CFC-Iso-trans-768x482.png 768w, https:\/\/ens9001-infd.mendoza.edu.ar\/sitio\/wp-content\/uploads\/2019\/04\/CFC-Iso-trans.png 1239w\" sizes=\"(max-width: 38px) 100vw, 38px\" \/>&nbsp;Destinatarios<\/strong>:<\/h5>\n\n\n\n<p>Son destinatarios todas las personas que:<\/p>\n\n\n\n<ul><li>posean t\u00edtulo de Profesor\/a de Educaci\u00f3n Inicial o<\/li><li>tengan t\u00edtulo docente y que est\u00e9n actualmente en ejercicio como maestros de nivel inicial en establecimientos del sistema educativo o en jardines maternales dependientes de SEOS, o<\/li><li>est\u00e9n inscriptas para conformar las listas de orden de m\u00e9rito para el acceso a la docencia en el Nivel Inicial del sistema educativo o<\/li><li>sean directivos, supervisores y miembros de los equipos t\u00e9cnicos jurisdiccionales.<\/li><\/ul>\n\n\n\n<h2 class=\"wp-block-heading\">&nbsp;<\/h2>\n\n\n\n<h5 class=\"wp-block-heading\"><strong><img decoding=\"async\" loading=\"lazy\" width=\"38\" height=\"23\" class=\"wp-image-7531 alignnone\" src=\"https:\/\/ens9001-infd.mendoza.edu.ar\/sitio\/wp-content\/uploads\/2019\/04\/CFC-Iso-trans-1000x627.png\" alt=\"\" srcset=\"https:\/\/ens9001-infd.mendoza.edu.ar\/sitio\/wp-content\/uploads\/2019\/04\/CFC-Iso-trans-1000x627.png 1000w, https:\/\/ens9001-infd.mendoza.edu.ar\/sitio\/wp-content\/uploads\/2019\/04\/CFC-Iso-trans-768x482.png 768w, https:\/\/ens9001-infd.mendoza.edu.ar\/sitio\/wp-content\/uploads\/2019\/04\/CFC-Iso-trans.png 1239w\" sizes=\"(max-width: 38px) 100vw, 38px\" \/>&nbsp;<\/strong>Objetivos de la Formaci\u00f3n:<\/h5>\n\n\n\n<p><span style=\"font-weight: 400;\">Son prop\u00f3sitos del presente post\u00edtulo:<\/span><\/p>\n\n\n\n<ul><li><span style=\"font-weight: 400;\">Especializar la formaci\u00f3n de los docentes\/educadores en las pol\u00edticas priorizadas por el MEN para la Educaci\u00f3n Maternal.<\/span><\/li><li><span style=\"font-weight: 400;\">Promover la producci\u00f3n de nuevos saberes para la ense\u00f1anza, el aprendizaje y la reflexi\u00f3n sobre las pr\u00e1cticas, a trav\u00e9s del aprendizaje de nuevos conocimientos e instrumentos que les permitan dise\u00f1ar estrategias de trabajo en jardines maternales tendientes a lograr una propuesta inicial de calidad en las trayectorias educativas de los ni\u00f1os y ni\u00f1as de 45 d\u00edas a 3 a\u00f1os.<\/span><\/li><li><span style=\"font-weight: 400;\">Potenciar espacios para la problematizaci\u00f3n entre profesionales, mediante el trabajo colaborativo entre educadores; interpelando las pr\u00e1cticas instituidas y los modelos asistencialistas de atenci\u00f3n.<\/span><\/li><li><span style=\"font-weight: 400;\">Favorecer el intercambio y producci\u00f3n de conocimientos en espacios colaborativos espec\u00edficos entre profesionales que trabajan en instituciones con ni\u00f1os y ni\u00f1as de 45 d\u00edas a 3 a\u00f1os.<\/span><\/li><\/ul>\n\n\n\n<h2 class=\"wp-block-heading\">&nbsp;<\/h2>\n\n\n\n<h5 class=\"wp-block-heading\"><strong><img decoding=\"async\" loading=\"lazy\" width=\"38\" height=\"23\" class=\"wp-image-7531 alignnone\" src=\"https:\/\/ens9001-infd.mendoza.edu.ar\/sitio\/wp-content\/uploads\/2019\/04\/CFC-Iso-trans-1000x627.png\" alt=\"\" srcset=\"https:\/\/ens9001-infd.mendoza.edu.ar\/sitio\/wp-content\/uploads\/2019\/04\/CFC-Iso-trans-1000x627.png 1000w, https:\/\/ens9001-infd.mendoza.edu.ar\/sitio\/wp-content\/uploads\/2019\/04\/CFC-Iso-trans-768x482.png 768w, https:\/\/ens9001-infd.mendoza.edu.ar\/sitio\/wp-content\/uploads\/2019\/04\/CFC-Iso-trans.png 1239w\" sizes=\"(max-width: 38px) 100vw, 38px\" \/>&nbsp;<\/strong>Estructura Curricular:<\/h5>\n\n\n\n<ul><li><span style=\"font-weight: 400;\">M\u00f3dulo Introductorio<\/span><\/li><li><span style=\"font-weight: 400;\">Educaci\u00f3n desde la cuna<\/span><\/li><li><span style=\"font-weight: 400;\">El sujeto que aprende en Educaci\u00f3n Maternal<\/span><\/li><li><span style=\"font-weight: 400;\">Actividades de crianza<\/span><\/li><li><span style=\"font-weight: 400;\">Juego<\/span><\/li><li><span style=\"font-weight: 400;\">Lenguajes expresivos<\/span><\/li><li><span style=\"font-weight: 400;\">Campos de experiencias y saberes de la propuesta curricular provincial de Educaci\u00f3n Inicial para Jardines Maternales<\/span><\/li><li><span style=\"font-weight: 400;\">Ejes vertebradores y ejes de experiencia en el Jard\u00edn Maternal&nbsp;<\/span><\/li><li><span style=\"font-weight: 400;\">Seminario final<\/span><\/li><\/ul>\n\n\n\n<h2 class=\"wp-block-heading\">&nbsp;<\/h2>\n\n\n\n<h5 class=\"wp-block-heading\"><strong><img decoding=\"async\" loading=\"lazy\" width=\"38\" height=\"23\" class=\"wp-image-7531 alignnone\" src=\"https:\/\/ens9001-infd.mendoza.edu.ar\/sitio\/wp-content\/uploads\/2019\/04\/CFC-Iso-trans-1000x627.png\" alt=\"\" srcset=\"https:\/\/ens9001-infd.mendoza.edu.ar\/sitio\/wp-content\/uploads\/2019\/04\/CFC-Iso-trans-1000x627.png 1000w, https:\/\/ens9001-infd.mendoza.edu.ar\/sitio\/wp-content\/uploads\/2019\/04\/CFC-Iso-trans-768x482.png 768w, https:\/\/ens9001-infd.mendoza.edu.ar\/sitio\/wp-content\/uploads\/2019\/04\/CFC-Iso-trans.png 1239w\" sizes=\"(max-width: 38px) 100vw, 38px\" \/>&nbsp;<\/strong>Carga horaria:<\/h5>\n\n\n\n<p>Total horas:&nbsp;405 horas reloj<\/p>\n\n\n\n<h2 class=\"wp-block-heading\">&nbsp;<\/h2>\n\n\n\n<h5 class=\"wp-block-heading\"><strong><img decoding=\"async\" loading=\"lazy\" width=\"38\" height=\"23\" class=\"wp-image-7531 alignnone\" src=\"https:\/\/ens9001-infd.mendoza.edu.ar\/sitio\/wp-content\/uploads\/2019\/04\/CFC-Iso-trans-1000x627.png\" alt=\"\" srcset=\"https:\/\/ens9001-infd.mendoza.edu.ar\/sitio\/wp-content\/uploads\/2019\/04\/CFC-Iso-trans-1000x627.png 1000w, https:\/\/ens9001-infd.mendoza.edu.ar\/sitio\/wp-content\/uploads\/2019\/04\/CFC-Iso-trans-768x482.png 768w, https:\/\/ens9001-infd.mendoza.edu.ar\/sitio\/wp-content\/uploads\/2019\/04\/CFC-Iso-trans.png 1239w\" sizes=\"(max-width: 38px) 100vw, 38px\" \/>&nbsp;<\/strong>Modalidad de cursado:<\/h5>\n\n\n\n<p>A distancia<\/p>\n\n\n\n<h2 class=\"wp-block-heading\">&nbsp;<\/h2>\n\n\n\n<h5 class=\"wp-block-heading\"><strong><img decoding=\"async\" loading=\"lazy\" width=\"38\" height=\"23\" class=\"wp-image-7531 alignnone\" src=\"https:\/\/ens9001-infd.mendoza.edu.ar\/sitio\/wp-content\/uploads\/2019\/04\/CFC-Iso-trans-1000x627.png\" alt=\"\" srcset=\"https:\/\/ens9001-infd.mendoza.edu.ar\/sitio\/wp-content\/uploads\/2019\/04\/CFC-Iso-trans-1000x627.png 1000w, https:\/\/ens9001-infd.mendoza.edu.ar\/sitio\/wp-content\/uploads\/2019\/04\/CFC-Iso-trans-768x482.png 768w, https:\/\/ens9001-infd.mendoza.edu.ar\/sitio\/wp-content\/uploads\/2019\/04\/CFC-Iso-trans.png 1239w\" sizes=\"(max-width: 38px) 100vw, 38px\" \/>&nbsp;Lugar, d<\/strong>\u00edas y horarios de cursado:<\/h5>\n\n\n\n<p>Las instancias presenciales se realizar\u00e1n los d\u00edas <strong>s\u00e1bados entre las 9:00 y las 12:30 hs. Podr\u00e1n acordarse otros d\u00edas contemplando las posibilidades de los\/as cursantes.<\/strong><\/p>\n\n\n\n<h2 class=\"wp-block-heading\">&nbsp;<\/h2>\n\n\n\n<h5 class=\"wp-block-heading\"><strong><img decoding=\"async\" loading=\"lazy\" width=\"38\" height=\"23\" class=\"wp-image-7531 alignnone\" src=\"https:\/\/ens9001-infd.mendoza.edu.ar\/sitio\/wp-content\/uploads\/2019\/04\/CFC-Iso-trans-1000x627.png\" alt=\"\" srcset=\"https:\/\/ens9001-infd.mendoza.edu.ar\/sitio\/wp-content\/uploads\/2019\/04\/CFC-Iso-trans-1000x627.png 1000w, https:\/\/ens9001-infd.mendoza.edu.ar\/sitio\/wp-content\/uploads\/2019\/04\/CFC-Iso-trans-768x482.png 768w, https:\/\/ens9001-infd.mendoza.edu.ar\/sitio\/wp-content\/uploads\/2019\/04\/CFC-Iso-trans.png 1239w\" sizes=\"(max-width: 38px) 100vw, 38px\" \/>&nbsp;<\/strong>Inicio del cursado:<\/h5>\n\n\n\n<p>Actividad de inicio de las actividades acad\u00e9micas del Centro de Formaci\u00f3n Continua: <strong><strong>S\u00e1bado 7 de mayo a las 9 hs.<\/strong><\/strong><\/p>\n\n\n\n<h2 class=\"wp-block-heading\">&nbsp;<\/h2>\n\n\n\n<h5 class=\"wp-block-heading\"><strong><img decoding=\"async\" loading=\"lazy\" width=\"38\" height=\"23\" class=\"wp-image-7531 alignnone\" src=\"https:\/\/ens9001-infd.mendoza.edu.ar\/sitio\/wp-content\/uploads\/2019\/04\/CFC-Iso-trans-1000x627.png\" alt=\"\" srcset=\"https:\/\/ens9001-infd.mendoza.edu.ar\/sitio\/wp-content\/uploads\/2019\/04\/CFC-Iso-trans-1000x627.png 1000w, https:\/\/ens9001-infd.mendoza.edu.ar\/sitio\/wp-content\/uploads\/2019\/04\/CFC-Iso-trans-768x482.png 768w, https:\/\/ens9001-infd.mendoza.edu.ar\/sitio\/wp-content\/uploads\/2019\/04\/CFC-Iso-trans.png 1239w\" sizes=\"(max-width: 38px) 100vw, 38px\" \/>&nbsp;Inscripci\u00f3n y consultas<\/strong>:<\/h5>\n\n\n\n<p>Los\/as docentes interesados\/as deber\u00e1n pre-inscribirse a trav\u00e9s del&nbsp;formulario digital&nbsp;y completar el proceso de inscripci\u00f3n de acuerdo a las orientaciones que recibir\u00e1n en su correo electr\u00f3nico enviado desde la Bedel\u00eda del Centro de Formaci\u00f3n Continua: <strong>bedelia.cfc9001@gmail.com<\/strong><\/p>\n\n\n\n<p>Tambi\u00e9n pueden realizar consultas a trav\u00e9s de WhatsApp los siguientes d\u00edas y horarios:<\/p>\n\n\n\n<ul><li>Lunes a viernes: de 10 a 11 y de 17 a 18 hs.<\/li><\/ul>\n\n\n\n<div class=\"wp-block-image\"><figure class=\"aligncenter\"><a href=\"https:\/\/chat.whatsapp.com\/DAEL0ItGLhKLPsfNzV0Lun\"><img decoding=\"async\" loading=\"lazy\" width=\"1000\" height=\"111\" src=\"https:\/\/ens9001-infd.mendoza.edu.ar\/sitio\/wp-content\/uploads\/2020\/05\/Mesa-de-entradas-CFC-1000x111.jpeg\" alt=\"\" class=\"wp-image-11021\" srcset=\"https:\/\/ens9001-infd.mendoza.edu.ar\/sitio\/wp-content\/uploads\/2020\/05\/Mesa-de-entradas-CFC-1000x111.jpeg 1000w, https:\/\/ens9001-infd.mendoza.edu.ar\/sitio\/wp-content\/uploads\/2020\/05\/Mesa-de-entradas-CFC-768x85.jpeg 768w, https:\/\/ens9001-infd.mendoza.edu.ar\/sitio\/wp-content\/uploads\/2020\/05\/Mesa-de-entradas-CFC.jpeg 1042w\" sizes=\"(max-width: 1000px) 100vw, 1000px\" \/><\/a><\/figure><\/div>\n\n\n\n<p class=\"has-text-align-center\"><a href=\"https:\/\/chat.whatsapp.com\/G2m01KzV1Kf05byyZR3siL\" target=\"_blank\" rel=\"noreferrer noopener\"><strong><span style=\"text-decoration: underline;\">https:\/\/chat.whatsapp.com\/<\/span><\/strong><\/a><\/p>\n\n\n\n<p>Las consultas ser\u00e1n respondidas en el transcurso del d\u00eda.<\/p>\n\n\n\n<h2 class=\"wp-block-heading\">&nbsp;<\/h2>\n\n\n\n<h2 class=\"has-text-align-center wp-block-heading\"><span style=\"text-decoration: underline;\"><a rel=\"noopener\" href=\"https:\/\/forms.gle\/EXVkW3G91AqhpAQn6\" target=\"_blank\"><strong>Formulario de pre-inscripci\u00f3n<\/strong><\/a><\/span><\/h2>\n\n\n\n<p class=\"has-text-align-center\"><span class=\"has-inline-color has-vivid-red-color\"><strong>&#8211; Inscripciones cerradas<\/strong> &#8211;<\/span><\/p>\n\n\n\n<p class=\"has-text-align-center\"><a href=\"https:\/\/ens9001-infd.mendoza.edu.ar\/sitio\/?page_id=15522\" target=\"_blank\" rel=\"noopener\"><span style=\"text-decoration: underline;\"><strong>Ver m\u00e1s ofertas de Formaci\u00f3n Continua 2022<\/strong><\/span><\/a><\/p>\n","protected":false},"excerpt":{"rendered":"<p>&nbsp; Post\u00edtulo: Especializaci\u00f3n Docente de Nivel Superior enEducaci\u00f3n Maternal &nbsp;Resoluci\u00f3n de aprobaci\u00f3n: Resoluci\u00f3n 3072-DGE-2021 &nbsp; &nbsp;Destinatarios: Son destinatarios todas las personas que: posean t\u00edtulo de Profesor\/a de Educaci\u00f3n Inicial o tengan t\u00edtulo docente y que est\u00e9n actualmente en ejercicio como maestros de nivel inicial en establecimientos del sistema educativo o en jardines maternales dependientes de &#8230; <a title=\"Especializaci\u00f3n Docente de Nivel Superior en Educaci\u00f3n Maternal\" class=\"read-more\" href=\"https:\/\/ens9001-infd.mendoza.edu.ar\/sitio\/especializacion-docente-de-nivel-superior-en-educacion-maternal-2\/\" aria-label=\"More on Especializaci\u00f3n Docente de Nivel Superior en Educaci\u00f3n Maternal\">[+]<\/a><\/p>\n","protected":false},"author":6668,"featured_media":0,"parent":0,"menu_order":0,"comment_status":"closed","ping_status":"closed","template":"","meta":[],"acf":[],"_links":{"self":[{"href":"https:\/\/ens9001-infd.mendoza.edu.ar\/sitio\/wp-json\/wp\/v2\/pages\/13104"}],"collection":[{"href":"https:\/\/ens9001-infd.mendoza.edu.ar\/sitio\/wp-json\/wp\/v2\/pages"}],"about":[{"href":"https:\/\/ens9001-infd.mendoza.edu.ar\/sitio\/wp-json\/wp\/v2\/types\/page"}],"author":[{"embeddable":true,"href":"https:\/\/ens9001-infd.mendoza.edu.ar\/sitio\/wp-json\/wp\/v2\/users\/6668"}],"replies":[{"embeddable":true,"href":"https:\/\/ens9001-infd.mendoza.edu.ar\/sitio\/wp-json\/wp\/v2\/comments?post=13104"}],"version-history":[{"count":21,"href":"https:\/\/ens9001-infd.mendoza.edu.ar\/sitio\/wp-json\/wp\/v2\/pages\/13104\/revisions"}],"predecessor-version":[{"id":17691,"href":"https:\/\/ens9001-infd.mendoza.edu.ar\/sitio\/wp-json\/wp\/v2\/pages\/13104\/revisions\/17691"}],"wp:attachment":[{"href":"https:\/\/ens9001-infd.mendoza.edu.ar\/sitio\/wp-json\/wp\/v2\/media?parent=13104"}],"curies":[{"name":"wp","href":"https:\/\/api.w.org\/{rel}","templated":true}]}}