{"id":13064,"date":"2021-04-27T19:39:21","date_gmt":"2021-04-27T22:39:21","guid":{"rendered":"https:\/\/ens9001-infd.mendoza.edu.ar\/sitio\/?page_id=13064"},"modified":"2021-09-22T10:24:59","modified_gmt":"2021-09-22T13:24:59","slug":"propuestas-de-formacion-continua-2021","status":"publish","type":"page","link":"https:\/\/ens9001-infd.mendoza.edu.ar\/sitio\/propuestas-de-formacion-continua-2021\/","title":{"rendered":"Propuestas de Formaci\u00f3n Continua 2021"},"content":{"rendered":"<p><img decoding=\"async\" loading=\"lazy\" class=\"alignnone size-medium wp-image-7528\" src=\"https:\/\/ens9001-infd.mendoza.edu.ar\/sitio\/wp-content\/uploads\/2019\/04\/Membrete-2-1000x134.png\" alt=\"\" width=\"1000\" height=\"134\" srcset=\"https:\/\/ens9001-infd.mendoza.edu.ar\/sitio\/wp-content\/uploads\/2019\/04\/Membrete-2-1000x134.png 1000w, https:\/\/ens9001-infd.mendoza.edu.ar\/sitio\/wp-content\/uploads\/2019\/04\/Membrete-2-768x103.png 768w, https:\/\/ens9001-infd.mendoza.edu.ar\/sitio\/wp-content\/uploads\/2019\/04\/Membrete-2-1900x255.png 1900w\" sizes=\"(max-width: 1000px) 100vw, 1000px\" \/><\/p>\n<p>Las propuestas de Formaci\u00f3n Continua para el ciclo lectivo 2021 son las siguientes:<\/p>\n<h4><strong><img decoding=\"async\" loading=\"lazy\" class=\"wp-image-7531 alignnone\" src=\"https:\/\/ens9001-infd.mendoza.edu.ar\/sitio\/wp-content\/uploads\/2019\/04\/CFC-Iso-trans-1000x627.png\" alt=\"\" width=\"38\" height=\"23\" srcset=\"https:\/\/ens9001-infd.mendoza.edu.ar\/sitio\/wp-content\/uploads\/2019\/04\/CFC-Iso-trans-1000x627.png 1000w, https:\/\/ens9001-infd.mendoza.edu.ar\/sitio\/wp-content\/uploads\/2019\/04\/CFC-Iso-trans-768x482.png 768w, https:\/\/ens9001-infd.mendoza.edu.ar\/sitio\/wp-content\/uploads\/2019\/04\/CFC-Iso-trans.png 1239w\" sizes=\"(max-width: 38px) 100vw, 38px\" \/>\u00a0<\/strong><strong>Post\u00edtulos docentes\u00a0<\/strong><\/h4>\n<p><strong>Marco normativo:<\/strong>\u00a0<a href=\"https:\/\/drive.google.com\/file\/d\/1EoBYPe6pYK1mVQyVnOydho0bXSqqSxu8\/view?usp=drivesdk\">Resoluci\u00f3n 2126-DGE-11<\/a><\/p>\n<ul>\n<li><a href=\"https:\/\/ens9001-infd.mendoza.edu.ar\/sitio\/actualizacion-academica-en-elaboracion-de-proyectos-interdisciplinares-e-innovacion-educativa\/\" target=\"_blank\" rel=\"noopener\"><span style=\"font-weight: 400;\"><span style=\"text-decoration: underline;\"><strong>Actualizaci\u00f3n Acad\u00e9mica en elaboraci\u00f3n de proyectos interdisciplinares e innovaci\u00f3n educativa<\/strong><\/span><\/span><\/a><span style=\"font-weight: 400; color: #ff0000;\"><span style=\"font-weight: 400;\"> <strong>&#8211; Inscripciones cerradas<\/strong><\/span><\/span><\/li>\n<li><span style=\"text-decoration: underline;\"><strong><a href=\"https:\/\/ens9001-infd.mendoza.edu.ar\/sitio\/curso-con-puntaje-docente-educacion-y-gestion-estatal\/\">Actualizaci\u00f3n Acad\u00e9mica en Herramientas para el an\u00e1lisis y gesti\u00f3n de las instituciones de educaci\u00f3n p\u00fablica estatal<\/a><\/strong><\/span><strong style=\"color: #008000;\"><strong style=\"color: #008000;\"> <span style=\"font-weight: 400; color: #ff0000;\"><span style=\"font-weight: 400;\"><strong>&#8211; Inscripciones cerradas<\/strong><\/span><\/span><\/strong><\/strong><\/li>\n<li><strong><a href=\"https:\/\/ens9001-infd.mendoza.edu.ar\/sitio\/postitulo\/\">Actualizaci\u00f3n Acad\u00e9mica en Legislaci\u00f3n y Administraci\u00f3n Escolar<\/a> <span style=\"color: #ff0000;\">&#8211; Inscripciones cerradas<\/span><\/strong><\/li>\n<li><strong><a href=\"https:\/\/ens9001-infd.mendoza.edu.ar\/sitio\/postitulo-abordaje-de-conflictos-en-instituciones-educativas\/\" target=\"_blank\" rel=\"noopener\">Actualizaci\u00f3n Acad\u00e9mica en Desarrollo de Alternativas para el Abordaje de Conflictos en las Instituciones Educativas<\/a> <span style=\"color: #ff0000;\">&#8211; Inscripciones cerradas<\/span><\/strong><\/li>\n<li><strong><span style=\"text-decoration: underline;\"><a href=\"https:\/\/ens9001-infd.mendoza.edu.ar\/sitio\/postitulo-especializacion-docente-de-nivel-superior-en-educacion-permanente-de-jovenes-y-adultos-epja\/\"><strong>Especializaci\u00f3n Docente de N<\/strong>ivel Superior en\u00a0Educaci\u00f3n Permanente de J\u00f3venes y Adultos (EPJA)<\/a><\/span><\/strong><span style=\"font-weight: 400; color: #008000;\"> <span style=\"font-weight: 400; color: #ff0000;\"><span style=\"font-weight: 400;\"><strong>&#8211; Inscripciones cerradas<\/strong><\/span><\/span><\/span><\/li>\n<li><strong><a href=\"https:\/\/ens9001-infd.mendoza.edu.ar\/sitio\/actualizacion-academica-en-ensenanza-de-ingles-como-lengua-extranjera\/\" target=\"_blank\" rel=\"noopener\"><span style=\"text-decoration: underline;\">Actualizaci\u00f3n Acad\u00e9mica en Ense\u00f1anza de Ingl\u00e9s como lengua extranjera<\/span><\/a> <span style=\"color: #ff0000;\">&#8211; Inscripciones cerradas<\/span><\/strong><\/li>\n<\/ul>\n<h4><strong><img decoding=\"async\" loading=\"lazy\" class=\"wp-image-7531 alignnone\" src=\"https:\/\/ens9001-infd.mendoza.edu.ar\/sitio\/wp-content\/uploads\/2019\/04\/CFC-Iso-trans-1000x627.png\" alt=\"\" width=\"38\" height=\"23\" srcset=\"https:\/\/ens9001-infd.mendoza.edu.ar\/sitio\/wp-content\/uploads\/2019\/04\/CFC-Iso-trans-1000x627.png 1000w, https:\/\/ens9001-infd.mendoza.edu.ar\/sitio\/wp-content\/uploads\/2019\/04\/CFC-Iso-trans-768x482.png 768w, https:\/\/ens9001-infd.mendoza.edu.ar\/sitio\/wp-content\/uploads\/2019\/04\/CFC-Iso-trans.png 1239w\" sizes=\"(max-width: 38px) 100vw, 38px\" \/>\u00a0<\/strong><strong>Propuesta de educaci\u00f3n a distancia\u00a0<\/strong><\/h4>\n<p><strong>Marco normativo:<\/strong>\u00a0<a href=\"https:\/\/drive.google.com\/file\/d\/1i_GQjmRKBeQK8QPLDvBHojf5aOduA1aa\/view?usp=drivesdk\" target=\"_blank\" rel=\"noopener\">Resoluci\u00f3n CFE N\u00ba 346\/18<\/a><\/p>\n<ul>\n<li><strong><span style=\"text-decoration: underline;\"><a href=\"https:\/\/ens9001-infd.mendoza.edu.ar\/sitio\/especializacion-docente-de-nivel-superior-en-educacion-maternal-2\/\" target=\"_blank\" rel=\"noopener\">Especializaci\u00f3n Docente de Nivel Superior en Educaci\u00f3n Maternal<\/a><\/span> <span style=\"color: #ff0000;\">&#8211; Inscripciones cerradas<\/span><\/strong><\/li>\n<\/ul>\n<h4><strong><img decoding=\"async\" loading=\"lazy\" class=\"wp-image-7531 alignnone\" src=\"https:\/\/ens9001-infd.mendoza.edu.ar\/sitio\/wp-content\/uploads\/2019\/04\/CFC-Iso-trans-1000x627.png\" alt=\"\" width=\"38\" height=\"23\" srcset=\"https:\/\/ens9001-infd.mendoza.edu.ar\/sitio\/wp-content\/uploads\/2019\/04\/CFC-Iso-trans-1000x627.png 1000w, https:\/\/ens9001-infd.mendoza.edu.ar\/sitio\/wp-content\/uploads\/2019\/04\/CFC-Iso-trans-768x482.png 768w, https:\/\/ens9001-infd.mendoza.edu.ar\/sitio\/wp-content\/uploads\/2019\/04\/CFC-Iso-trans.png 1239w\" sizes=\"(max-width: 38px) 100vw, 38px\" \/>\u00a0Cursos de actualizaci\u00f3n y perfeccionamiento docente <\/strong><\/h4>\n<p><strong>Marco normativo: <\/strong><a href=\"https:\/\/drive.google.com\/file\/d\/1yne9Y3Bcdvi4xtwpYxJam8aaL_scnoN7\/view?usp=sharing\">Resoluci\u00f3n 1698-DGE-19<\/a><\/p>\n<ul>\n<li><span style=\"font-weight: 400;\"><span style=\"text-decoration: underline;\"><strong><a href=\"https:\/\/ens9001-infd.mendoza.edu.ar\/sitio\/curso-con-puntaje-docente-entornos-virtuales-de-aprendizaje\/\">Entornos Virtuales de Aprendizaje. Plataformas educativas, clase virtual y recursos web 2.0<\/a><\/strong><\/span><span style=\"font-weight: 400; color: #008000;\"><span style=\"font-weight: 400;\"><strong> <span style=\"color: #008000;\">&#8211; Inscripciones desde el 23\/09 al 30\/09<\/span><\/strong><\/span><\/span><\/span><\/li>\n<\/ul>\n<h4><strong><img decoding=\"async\" loading=\"lazy\" class=\"wp-image-7531 alignnone\" src=\"https:\/\/ens9001-infd.mendoza.edu.ar\/sitio\/wp-content\/uploads\/2019\/04\/CFC-Iso-trans-1000x627.png\" alt=\"\" width=\"38\" height=\"23\" srcset=\"https:\/\/ens9001-infd.mendoza.edu.ar\/sitio\/wp-content\/uploads\/2019\/04\/CFC-Iso-trans-1000x627.png 1000w, https:\/\/ens9001-infd.mendoza.edu.ar\/sitio\/wp-content\/uploads\/2019\/04\/CFC-Iso-trans-768x482.png 768w, https:\/\/ens9001-infd.mendoza.edu.ar\/sitio\/wp-content\/uploads\/2019\/04\/CFC-Iso-trans.png 1239w\" sizes=\"(max-width: 38px) 100vw, 38px\" \/>\u00a0Acciones formativas con certificaci\u00f3n institucional<\/strong><\/h4>\n<ul>\n<li><strong>Seminarios web AGENDA 2021 &#8211; \u00ab50 a\u00f1os\u00bb\u00a0<\/strong><span style=\"color: #ff0000;\"><strong><strong>&#8211; Pr\u00f3ximamente se abrir\u00e1n las inscripciones<\/strong><\/strong><\/span><\/li>\n<li><strong>Curso \u00abJuicio por jurados en Mendoza\u00bb<\/strong> <strong><span style=\"color: #ff0000;\">&#8211; Inscripciones cerradas<\/span><\/strong><\/li>\n<\/ul>\n<hr \/>\n<p>Pueden realizar consultas a trav\u00e9s de WhatsApp los siguientes d\u00edas y horarios:<\/p>\n<ul>\n<li>Lunes a viernes: de 10 a 11 y de 16:00 a 17:00 hs.<\/li>\n<\/ul>\n<p><a href=\"https:\/\/chat.whatsapp.com\/DAEL0ItGLhKLPsfNzV0Lun\"><img decoding=\"async\" loading=\"lazy\" class=\"wp-image-11021 aligncenter\" src=\"https:\/\/ens9001-infd.mendoza.edu.ar\/sitio\/wp-content\/uploads\/2020\/05\/Mesa-de-entradas-CFC-1000x111.jpeg\" alt=\"\" width=\"512\" height=\"57\" srcset=\"https:\/\/ens9001-infd.mendoza.edu.ar\/sitio\/wp-content\/uploads\/2020\/05\/Mesa-de-entradas-CFC-1000x111.jpeg 1000w, https:\/\/ens9001-infd.mendoza.edu.ar\/sitio\/wp-content\/uploads\/2020\/05\/Mesa-de-entradas-CFC-768x85.jpeg 768w, https:\/\/ens9001-infd.mendoza.edu.ar\/sitio\/wp-content\/uploads\/2020\/05\/Mesa-de-entradas-CFC.jpeg 1042w\" sizes=\"(max-width: 512px) 100vw, 512px\" \/><\/a><\/p>\n<p style=\"text-align: center;\"><strong><a href=\"https:\/\/chat.whatsapp.com\/KQbusqF0DrjAYFCHbXi5Q8\" target=\"_blank\" rel=\"noopener\">https:\/\/chat.whatsapp.com\/KQbusqF0DrjAYFCHbXi5Q8<\/a><\/strong><\/p>\n<p>Las consultas ser\u00e1n respondidas en el transcurso del d\u00eda.<\/p>\n<h2 style=\"text-align: center;\"><\/h2>\n<hr \/>\n<pre style=\"text-align: center;\"><strong>Pr\u00f3ximamente estar\u00e1n disponibles nuevas propuestas formativas que se encuentran en evaluaci\u00f3n\u00a0<\/strong><\/pre>\n","protected":false},"excerpt":{"rendered":"<p>Las propuestas de Formaci\u00f3n Continua para el ciclo lectivo 2021 son las siguientes: \u00a0Post\u00edtulos docentes\u00a0 Marco normativo:\u00a0Resoluci\u00f3n 2126-DGE-11 Actualizaci\u00f3n Acad\u00e9mica en elaboraci\u00f3n de proyectos interdisciplinares e innovaci\u00f3n educativa &#8211; Inscripciones cerradas Actualizaci\u00f3n Acad\u00e9mica en Herramientas para el an\u00e1lisis y gesti\u00f3n de las instituciones de educaci\u00f3n p\u00fablica estatal &#8211; Inscripciones cerradas Actualizaci\u00f3n Acad\u00e9mica en Legislaci\u00f3n y &#8230; <a title=\"Propuestas de Formaci\u00f3n Continua 2021\" class=\"read-more\" href=\"https:\/\/ens9001-infd.mendoza.edu.ar\/sitio\/propuestas-de-formacion-continua-2021\/\" aria-label=\"More on Propuestas de Formaci\u00f3n Continua 2021\">[+]<\/a><\/p>\n","protected":false},"author":6668,"featured_media":0,"parent":0,"menu_order":0,"comment_status":"closed","ping_status":"closed","template":"","meta":[],"acf":[],"_links":{"self":[{"href":"https:\/\/ens9001-infd.mendoza.edu.ar\/sitio\/wp-json\/wp\/v2\/pages\/13064"}],"collection":[{"href":"https:\/\/ens9001-infd.mendoza.edu.ar\/sitio\/wp-json\/wp\/v2\/pages"}],"about":[{"href":"https:\/\/ens9001-infd.mendoza.edu.ar\/sitio\/wp-json\/wp\/v2\/types\/page"}],"author":[{"embeddable":true,"href":"https:\/\/ens9001-infd.mendoza.edu.ar\/sitio\/wp-json\/wp\/v2\/users\/6668"}],"replies":[{"embeddable":true,"href":"https:\/\/ens9001-infd.mendoza.edu.ar\/sitio\/wp-json\/wp\/v2\/comments?post=13064"}],"version-history":[{"count":19,"href":"https:\/\/ens9001-infd.mendoza.edu.ar\/sitio\/wp-json\/wp\/v2\/pages\/13064\/revisions"}],"predecessor-version":[{"id":15526,"href":"https:\/\/ens9001-infd.mendoza.edu.ar\/sitio\/wp-json\/wp\/v2\/pages\/13064\/revisions\/15526"}],"wp:attachment":[{"href":"https:\/\/ens9001-infd.mendoza.edu.ar\/sitio\/wp-json\/wp\/v2\/media?parent=13064"}],"curies":[{"name":"wp","href":"https:\/\/api.w.org\/{rel}","templated":true}]}}