{"id":12126,"date":"2020-10-02T14:07:44","date_gmt":"2020-10-02T17:07:44","guid":{"rendered":"https:\/\/ens9001-infd.mendoza.edu.ar\/sitio\/?page_id=12126"},"modified":"2020-10-05T21:50:58","modified_gmt":"2020-10-06T00:50:58","slug":"formularios-de-pre-inscripcion-ciclo-lectivo-2021-2","status":"publish","type":"page","link":"https:\/\/ens9001-infd.mendoza.edu.ar\/sitio\/formularios-de-pre-inscripcion-ciclo-lectivo-2021-2\/","title":{"rendered":"Formularios de Pre Inscripci\u00f3n Ciclo lectivo 2021"},"content":{"rendered":"<h4 style=\"text-align: left;\"><b><strong>Formularios de Pre-Inscripciones<\/strong><\/b><\/h4>\n<h5><b>Profesorados<\/b><\/h5>\n<p><i><span style=\"font-weight: 400;\">Sede San Mart\u00edn<\/span><\/i><\/p>\n<ul>\n<li style=\"font-weight: 400;\"><a href=\"https:\/\/docs.google.com\/forms\/d\/e\/1FAIpQLSc0LsWyxVX6ZxYMrIxTaszgYxcKSAiN15-NLHBLBO98Y4csxw\/viewform\">Profesorado de Educaci\u00f3n Especial con Orientaci\u00f3n en Discapacidad Intelectual<\/a>\u00a0<a href=\"https:\/\/docs.google.com\/spreadsheets\/d\/12xWvVwSpfPGpIqw1HO-T-YdnjrUzNCPaDg4_toXYsYM\/edit?usp=sharing\">(Clic aqu\u00ed para verificar tu correcta pre inscripci\u00f3n)<\/a><\/li>\n<li style=\"font-weight: 400;\"><a href=\"https:\/\/docs.google.com\/forms\/d\/e\/1FAIpQLSc2ra-kGUy0exv0bnYwtGYpLdzONk3vD69UmTaDdan7IVqMKw\/viewform\">Profesorado de Educaci\u00f3n Inicial<\/a>\u00a0<a href=\"https:\/\/docs.google.com\/spreadsheets\/d\/1VPlu3kRZKino12oskUf7XpUNk_Ott6QvRxjgjcNMIcs\/edit?usp=sharing\">(Clic aqu\u00ed para verificar tu correcta pre inscripci\u00f3n)<\/a><\/li>\n<li style=\"font-weight: 400;\"><a href=\"https:\/\/docs.google.com\/forms\/d\/e\/1FAIpQLSd1GEQjEfQS5WZJ0B8sRyIuVGfaiYIJIW7czDgIcohZ4vsOhg\/viewform\">Profesorado de Educaci\u00f3n Primaria<\/a> <a href=\"https:\/\/docs.google.com\/spreadsheets\/d\/15-uadhx2f9Xgi01-v9p7TdjVYvKPGxg_fsMBgBj8dB4\/edit?usp=sharing\">(Clic aqu\u00ed para verificar tu correcta pre inscripci\u00f3n)<\/a><\/li>\n<li style=\"font-weight: 400;\"><a href=\"https:\/\/docs.google.com\/forms\/d\/e\/1FAIpQLScl3ccPs3vsy1Jxu3yc_9Z-sGJl42Cl1UHvLHV7-d5R0xj3LA\/viewform\">Profesorado de Educaci\u00f3n Secundaria en Biolog\u00eda<\/a> <a href=\"https:\/\/docs.google.com\/spreadsheets\/d\/1uh0-XCHnxq-m_MzPwOHGeOeifJS8vzm5Jh4Q4c-aaKU\/edit?usp=sharing\">(Clic aqu\u00ed para verificar tu correcta pre inscripci\u00f3n)<\/a><\/li>\n<li style=\"font-weight: 400;\"><a href=\"https:\/\/docs.google.com\/forms\/d\/e\/1FAIpQLSdYIOzIZtzm-vJSNCUBmoU0bAU0_MkPIb0YuhD_hq2Y19rxMg\/viewform\">Profesorado de Educaci\u00f3n Secundaria en Geograf\u00eda<\/a>\u00a0<a href=\"https:\/\/docs.google.com\/spreadsheets\/d\/1AfstY8NhFzb8C7mpbpMhI6WVU6M_buHEJqkZY0sDp3E\/edit?usp=sharing\">(Clic aqu\u00ed para verificar tu correcta pre inscripci\u00f3n)<\/a><\/li>\n<li style=\"font-weight: 400;\"><a href=\"https:\/\/docs.google.com\/forms\/d\/e\/1FAIpQLScU2MoO7N7Hgx38aZaD6cCmq1Le0lwSDbSVhqHeQzHCre-WVA\/viewform\">Profesorado de Educaci\u00f3n Secundaria en Historia<\/a>\u00a0<a href=\"https:\/\/docs.google.com\/spreadsheets\/d\/1ZP52AOah3d2tlbYwY7rOCGrxHwu-g_7eESIdvyUkegc\/edit?usp=sharing\">(Clic aqu\u00ed para verificar tu correcta pre inscripci\u00f3n)<\/a><\/li>\n<li style=\"font-weight: 400;\"><a href=\"https:\/\/docs.google.com\/forms\/d\/e\/1FAIpQLSfQdg1716ilyzPCtWeZemxBh1VR9FHCe6eIthJeruJkyGdPsQ\/viewform\">Profesorado de Educaci\u00f3n Secundaria en Ingl\u00e9s<\/a>\u00a0<a href=\"https:\/\/docs.google.com\/spreadsheets\/d\/1xKuS_KKq0XbhoTdsILah4ebwyVAwe6eRX5Go44oN9-0\/edit?usp=sharing\">(Clic aqu\u00ed para verificar tu correcta pre inscripci\u00f3n)<\/a><\/li>\n<li style=\"font-weight: 400;\"><a href=\"https:\/\/docs.google.com\/forms\/d\/e\/1FAIpQLSfypCDnPzDOTdVji0wqT-GNoCOMOAo1BCEbVWV4kk52Qk-_rA\/viewform\">Profesorado de Educaci\u00f3n Secundaria en Lengua y Literatura<\/a>\u00a0<a href=\"https:\/\/docs.google.com\/spreadsheets\/d\/1SiHf5Wqm96iXb_JcqB8BKwVmKdmESDBUeyuQnJPfry0\/edit?usp=sharing\">(Clic aqu\u00ed para verificar tu correcta pre inscripci\u00f3n)<\/a><\/li>\n<\/ul>\n<h5><b><br \/>\nTecnicaturas<\/b><\/h5>\n<p><i><span style=\"font-weight: 400;\">Sede Jun\u00edn\u00a0<\/span><\/i><\/p>\n<ul>\n<li><span style=\"font-weight: 400;\"><a href=\"https:\/\/docs.google.com\/forms\/d\/e\/1FAIpQLSfwQsYAcOqAHX1Gijm2o2ZtHGEf4bGpJntbPXX4Wl1BXS94fA\/viewform\">Tecnicatura Superior en Agronom\u00eda<\/a>\u00a0<a href=\"https:\/\/docs.google.com\/spreadsheets\/d\/1DOUYI1O8OFIs__xOtQGQHQxGLDAeS7dcbqKHeeM0apc\/edit?usp=sharing\">(Clic aqu\u00ed para verificar tu correcta pre inscripci\u00f3n)<\/a><\/span><\/li>\n<li><a href=\"https:\/\/docs.google.com\/forms\/d\/e\/1FAIpQLSdV6E8dc_Bk7hvF3L8OuM0Cqr2mHkGDr9qxX15fY7yFSwr3DA\/viewform\">Tecnicatura Superior en Enolog\u00eda<\/a>\u00a0<a href=\"https:\/\/docs.google.com\/spreadsheets\/d\/1RmkCNHnlCpbn0alCbs_ypLOSZiK-ifyVxmHq7GkzqSo\/edit?usp=sharing\">(Clic aqu\u00ed para verificar tu correcta pre inscripci\u00f3n)<\/a><\/li>\n<\/ul>\n<p><i><span style=\"font-weight: 400;\">Sede San Mart\u00edn<\/span><\/i><\/p>\n<ul>\n<li style=\"font-weight: 400;\"><span style=\"font-weight: 400;\"><a href=\"https:\/\/docs.google.com\/forms\/d\/e\/1FAIpQLSfe5KAATWpGmBT9a08rAaUOzjzXJ5-Evv1f_6b5aocLfOHl_g\/viewform\">Tecnicatura Superior en Administraci\u00f3n P\u00fablica<\/a>\u00a0<a href=\"https:\/\/docs.google.com\/spreadsheets\/d\/1XJcHbgOPQB42owRCrqXXWdHQ4VzZYI_2KBe7In59vKE\/edit?usp=sharing\">(Clic aqu\u00ed para verificar tu correcta pre inscripci\u00f3n)<\/a><\/span><\/li>\n<li style=\"font-weight: 400;\"><span style=\"font-weight: 400;\"><a href=\"https:\/\/docs.google.com\/forms\/d\/e\/1FAIpQLSd-8dV4drfSKLBZZboUWCzPxcl55Ch7HpDS_V8sF1MmFCX_-Q\/viewform\">Tecnicatura Superior en Comunicaci\u00f3n Social<\/a>\u00a0<a href=\"https:\/\/docs.google.com\/spreadsheets\/d\/1h9RR8EVusj6S5ZePNKEpVmPGUUriL_cL0Z_NxcKhgwo\/edit?usp=sharing\">(Clic aqu\u00ed para verificar tu correcta pre inscripci\u00f3n)<\/a><\/span><\/li>\n<li style=\"font-weight: 400;\"><span style=\"font-weight: 400;\"><a href=\"https:\/\/docs.google.com\/forms\/d\/e\/1FAIpQLSeWdZvsikZPm9l8zI2NmVK8bl7n-U0sk-NVk7oYrMbkTD8MIA\/viewform\">Tecnicatura Superior en Dise\u00f1o de Indumentaria y Textil<\/a>\u00a0<a href=\"https:\/\/docs.google.com\/spreadsheets\/d\/1CQWQHiphWLhkSQAWLQXPjco_Ze9HiNYrdNqWQbGy3EE\/edit?usp=sharing\">(Clic aqu\u00ed para verificar tu correcta pre inscripci\u00f3n)<\/a><\/span><\/li>\n<li style=\"font-weight: 400;\"><span style=\"font-weight: 400;\"><a href=\"https:\/\/docs.google.com\/forms\/d\/e\/1FAIpQLSeE7eOz2-JluAxepik9-7CTO62ntdsKuJ8a3tAyDmLKqI9h7g\/viewform\">Tecnicatura Superior en Higiene y Seguridad Laboral<\/a>\u00a0<a href=\"https:\/\/docs.google.com\/spreadsheets\/d\/1XMN8XLV9ep1sXYQczf4o89QU_PtdWTGvflWa-HkYmlM\/edit?usp=sharing\">(Clic aqu\u00ed para verificar tu correcta pre inscripci\u00f3n)<\/a><\/span><\/li>\n<\/ul>\n<p><i><span style=\"font-weight: 400;\">Sede Palmira<\/span><\/i><\/p>\n<ul>\n<li style=\"font-weight: 400;\"><span style=\"font-weight: 400;\"><a href=\"https:\/\/docs.google.com\/forms\/d\/e\/1FAIpQLSf4F4-tvWCFxvDgkmMeMSwpGQuH9Ql_q118Lbx_kiWZJXCCrg\/viewform\">Tecnicatura Superior en Higiene y Seguridad Laboral<\/a>\u00a0<a href=\"https:\/\/docs.google.com\/spreadsheets\/d\/1Hceyw_5J1S9x8LJ7mYSmVvZ_azdG5KQa-RIn4WBj3VU\/edit?usp=sharing\">(Clic aqu\u00ed para verificar tu correcta pre inscripci\u00f3n)<\/a><\/span><\/li>\n<\/ul>\n","protected":false},"excerpt":{"rendered":"<p>Formularios de Pre-Inscripciones Profesorados Sede San Mart\u00edn Profesorado de Educaci\u00f3n Especial con Orientaci\u00f3n en Discapacidad Intelectual\u00a0(Clic aqu\u00ed para verificar tu correcta pre inscripci\u00f3n) Profesorado de Educaci\u00f3n Inicial\u00a0(Clic aqu\u00ed para verificar tu correcta pre inscripci\u00f3n) Profesorado de Educaci\u00f3n Primaria (Clic aqu\u00ed para verificar tu correcta pre inscripci\u00f3n) Profesorado de Educaci\u00f3n Secundaria en Biolog\u00eda (Clic aqu\u00ed para &#8230; <a title=\"Formularios de Pre Inscripci\u00f3n Ciclo lectivo 2021\" class=\"read-more\" href=\"https:\/\/ens9001-infd.mendoza.edu.ar\/sitio\/formularios-de-pre-inscripcion-ciclo-lectivo-2021-2\/\" aria-label=\"More on Formularios de Pre Inscripci\u00f3n Ciclo lectivo 2021\">[+]<\/a><\/p>\n","protected":false},"author":652,"featured_media":0,"parent":0,"menu_order":0,"comment_status":"closed","ping_status":"closed","template":"","meta":[],"acf":[],"_links":{"self":[{"href":"https:\/\/ens9001-infd.mendoza.edu.ar\/sitio\/wp-json\/wp\/v2\/pages\/12126"}],"collection":[{"href":"https:\/\/ens9001-infd.mendoza.edu.ar\/sitio\/wp-json\/wp\/v2\/pages"}],"about":[{"href":"https:\/\/ens9001-infd.mendoza.edu.ar\/sitio\/wp-json\/wp\/v2\/types\/page"}],"author":[{"embeddable":true,"href":"https:\/\/ens9001-infd.mendoza.edu.ar\/sitio\/wp-json\/wp\/v2\/users\/652"}],"replies":[{"embeddable":true,"href":"https:\/\/ens9001-infd.mendoza.edu.ar\/sitio\/wp-json\/wp\/v2\/comments?post=12126"}],"version-history":[{"count":9,"href":"https:\/\/ens9001-infd.mendoza.edu.ar\/sitio\/wp-json\/wp\/v2\/pages\/12126\/revisions"}],"predecessor-version":[{"id":12171,"href":"https:\/\/ens9001-infd.mendoza.edu.ar\/sitio\/wp-json\/wp\/v2\/pages\/12126\/revisions\/12171"}],"wp:attachment":[{"href":"https:\/\/ens9001-infd.mendoza.edu.ar\/sitio\/wp-json\/wp\/v2\/media?parent=12126"}],"curies":[{"name":"wp","href":"https:\/\/api.w.org\/{rel}","templated":true}]}}