{"id":12097,"date":"2020-10-02T13:19:40","date_gmt":"2020-10-02T16:19:40","guid":{"rendered":"https:\/\/ens9001-infd.mendoza.edu.ar\/sitio\/?page_id=12097"},"modified":"2020-11-02T17:32:40","modified_gmt":"2020-11-02T20:32:40","slug":"ingreso-ciclo-lectivo-2021-profesorados-y-tecnicaturas-2","status":"publish","type":"page","link":"https:\/\/ens9001-infd.mendoza.edu.ar\/sitio\/ingreso-ciclo-lectivo-2021-profesorados-y-tecnicaturas-2\/","title":{"rendered":"Ingreso Ciclo Lectivo 2021 &#8211; Profesorados y Tecnicaturas"},"content":{"rendered":"<h5 style=\"text-align: center;\"><a href=\"https:\/\/ens9001-infd.mendoza.edu.ar\/sitio\/formularios-de-pre-inscripcion-ciclo-lectivo-2021-2\/\"><img decoding=\"async\" loading=\"lazy\" class=\"alignnone wp-image-12082 aligncenter\" src=\"https:\/\/ens9001-infd.mendoza.edu.ar\/sitio\/wp-content\/uploads\/2020\/10\/Ingreso-2021-Profesorados-1000x1000.jpeg\" alt=\"\" width=\"700\" height=\"700\" srcset=\"https:\/\/ens9001-infd.mendoza.edu.ar\/sitio\/wp-content\/uploads\/2020\/10\/Ingreso-2021-Profesorados-1000x1000.jpeg 1000w, https:\/\/ens9001-infd.mendoza.edu.ar\/sitio\/wp-content\/uploads\/2020\/10\/Ingreso-2021-Profesorados-500x500.jpeg 500w, https:\/\/ens9001-infd.mendoza.edu.ar\/sitio\/wp-content\/uploads\/2020\/10\/Ingreso-2021-Profesorados-768x768.jpeg 768w, https:\/\/ens9001-infd.mendoza.edu.ar\/sitio\/wp-content\/uploads\/2020\/10\/Ingreso-2021-Profesorados.jpeg 1280w\" sizes=\"(max-width: 700px) 100vw, 700px\" \/>Hacer clic aqu\u00ed para pre inscribirse<\/a><\/h5>\n<hr \/>\n<p>&nbsp;<\/p>\n<p>&nbsp;<\/p>\n<h5 style=\"text-align: center;\"><a href=\"https:\/\/ens9001-infd.mendoza.edu.ar\/sitio\/formularios-de-pre-inscripcion-ciclo-lectivo-2021-2\/\"><img decoding=\"async\" loading=\"lazy\" class=\"aligncenter wp-image-12083\" src=\"https:\/\/ens9001-infd.mendoza.edu.ar\/sitio\/wp-content\/uploads\/2020\/10\/Ingreso-2021-Tecnicaturas-500x500.jpeg\" alt=\"\" width=\"700\" height=\"700\" srcset=\"https:\/\/ens9001-infd.mendoza.edu.ar\/sitio\/wp-content\/uploads\/2020\/10\/Ingreso-2021-Tecnicaturas-500x500.jpeg 500w, https:\/\/ens9001-infd.mendoza.edu.ar\/sitio\/wp-content\/uploads\/2020\/10\/Ingreso-2021-Tecnicaturas-1000x1000.jpeg 1000w, https:\/\/ens9001-infd.mendoza.edu.ar\/sitio\/wp-content\/uploads\/2020\/10\/Ingreso-2021-Tecnicaturas-768x768.jpeg 768w, https:\/\/ens9001-infd.mendoza.edu.ar\/sitio\/wp-content\/uploads\/2020\/10\/Ingreso-2021-Tecnicaturas.jpeg 1280w\" sizes=\"(max-width: 700px) 100vw, 700px\" \/><\/a><a href=\"https:\/\/ens9001-infd.mendoza.edu.ar\/sitio\/formularios-de-pre-inscripcion-ciclo-lectivo-2021-2\/\">Hacer clic aqu\u00ed para pre inscribirse<\/a><\/h5>\n<hr \/>\n<p style=\"text-align: center;\"><img decoding=\"async\" loading=\"lazy\" class=\"alignnone wp-image-12167\" src=\"https:\/\/ens9001-infd.mendoza.edu.ar\/sitio\/wp-content\/uploads\/2020\/10\/Presentacio\u0301n-a-presentar-Ingreso-2021-1-1000x1000.jpeg\" alt=\"\" width=\"700\" height=\"700\" srcset=\"https:\/\/ens9001-infd.mendoza.edu.ar\/sitio\/wp-content\/uploads\/2020\/10\/Presentacio\u0301n-a-presentar-Ingreso-2021-1-1000x1000.jpeg 1000w, https:\/\/ens9001-infd.mendoza.edu.ar\/sitio\/wp-content\/uploads\/2020\/10\/Presentacio\u0301n-a-presentar-Ingreso-2021-1-500x500.jpeg 500w, https:\/\/ens9001-infd.mendoza.edu.ar\/sitio\/wp-content\/uploads\/2020\/10\/Presentacio\u0301n-a-presentar-Ingreso-2021-1-768x768.jpeg 768w, https:\/\/ens9001-infd.mendoza.edu.ar\/sitio\/wp-content\/uploads\/2020\/10\/Presentacio\u0301n-a-presentar-Ingreso-2021-1.jpeg 1280w\" sizes=\"(max-width: 700px) 100vw, 700px\" \/><\/p>\n<p>&nbsp;<\/p>\n<h5 style=\"text-align: center;\"><a href=\"https:\/\/ens9001-infd.mendoza.edu.ar\/sitio\/formularios-de-pre-inscripcion-ciclo-lectivo-2021-2\/\">Hacer clic aqu\u00ed para pre inscribirse<\/a><\/h5>\n<hr \/>\n<p style=\"text-align: center;\"><img decoding=\"async\" loading=\"lazy\" class=\"alignnone size-full wp-image-12290\" src=\"https:\/\/ens9001-infd.mendoza.edu.ar\/sitio\/wp-content\/uploads\/2020\/10\/ingreso-2.jpg\" alt=\"\" width=\"679\" height=\"960\" \/><\/p>\n<p>&nbsp;<\/p>\n","protected":false},"excerpt":{"rendered":"<p>Hacer clic aqu\u00ed para pre inscribirse &nbsp; &nbsp; Hacer clic aqu\u00ed para pre inscribirse &nbsp; Hacer clic aqu\u00ed para pre inscribirse &nbsp;<\/p>\n","protected":false},"author":652,"featured_media":0,"parent":0,"menu_order":0,"comment_status":"closed","ping_status":"closed","template":"","meta":[],"acf":[],"_links":{"self":[{"href":"https:\/\/ens9001-infd.mendoza.edu.ar\/sitio\/wp-json\/wp\/v2\/pages\/12097"}],"collection":[{"href":"https:\/\/ens9001-infd.mendoza.edu.ar\/sitio\/wp-json\/wp\/v2\/pages"}],"about":[{"href":"https:\/\/ens9001-infd.mendoza.edu.ar\/sitio\/wp-json\/wp\/v2\/types\/page"}],"author":[{"embeddable":true,"href":"https:\/\/ens9001-infd.mendoza.edu.ar\/sitio\/wp-json\/wp\/v2\/users\/652"}],"replies":[{"embeddable":true,"href":"https:\/\/ens9001-infd.mendoza.edu.ar\/sitio\/wp-json\/wp\/v2\/comments?post=12097"}],"version-history":[{"count":8,"href":"https:\/\/ens9001-infd.mendoza.edu.ar\/sitio\/wp-json\/wp\/v2\/pages\/12097\/revisions"}],"predecessor-version":[{"id":12298,"href":"https:\/\/ens9001-infd.mendoza.edu.ar\/sitio\/wp-json\/wp\/v2\/pages\/12097\/revisions\/12298"}],"wp:attachment":[{"href":"https:\/\/ens9001-infd.mendoza.edu.ar\/sitio\/wp-json\/wp\/v2\/media?parent=12097"}],"curies":[{"name":"wp","href":"https:\/\/api.w.org\/{rel}","templated":true}]}}