{"id":11477,"date":"2020-07-22T13:06:54","date_gmt":"2020-07-22T16:06:54","guid":{"rendered":"https:\/\/ens9001-infd.mendoza.edu.ar\/sitio\/?page_id=11477"},"modified":"2020-07-23T22:24:26","modified_gmt":"2020-07-24T01:24:26","slug":"inicio-de-clases-modalidad-a-distancia-2o-cuatrimestre","status":"publish","type":"page","link":"https:\/\/ens9001-infd.mendoza.edu.ar\/sitio\/inicio-de-clases-modalidad-a-distancia-2o-cuatrimestre\/","title":{"rendered":"Inicio de Clases Modalidad a Distancia &#8211; 2\u00ba Cuatrimestre"},"content":{"rendered":"<p style=\"text-align: left;\"><img decoding=\"async\" loading=\"lazy\" class=\"wp-image-11575 alignleft\" src=\"https:\/\/ens9001-infd.mendoza.edu.ar\/sitio\/wp-content\/uploads\/2020\/07\/Inicio-Clases-Agosto-2020-para-redes-1-1000x583.jpeg\" alt=\"\" width=\"240\" height=\"140\" srcset=\"https:\/\/ens9001-infd.mendoza.edu.ar\/sitio\/wp-content\/uploads\/2020\/07\/Inicio-Clases-Agosto-2020-para-redes-1-1000x583.jpeg 1000w, https:\/\/ens9001-infd.mendoza.edu.ar\/sitio\/wp-content\/uploads\/2020\/07\/Inicio-Clases-Agosto-2020-para-redes-1-768x448.jpeg 768w, https:\/\/ens9001-infd.mendoza.edu.ar\/sitio\/wp-content\/uploads\/2020\/07\/Inicio-Clases-Agosto-2020-para-redes-1.jpeg 1280w\" sizes=\"(max-width: 240px) 100vw, 240px\" \/>\u00a1<span style=\"font-family: arial, helvetica, sans-serif; text-align: justify; color: #000000; font-size: 1.25rem;\"><strong>B<\/strong><\/span><span style=\"text-align: justify;\">ienvenidos\/as al inicio de clases en la Modalidad a Distancia del 2do Semestre del Ciclo Lectivo 2020!<\/span><\/p>\n<p style=\"text-align: left;\"><span style=\"text-align: justify;\">Nuestra <strong>Plataforma Virtual Institucional <\/strong>(o <strong>Campus Virtual<\/strong> como tambi\u00e9n se suele llamar)\u00a0ser\u00e1 el espacio central para el dictado de las clases virtuales de los diferentes espacios curriculares que dar\u00e1n inicio progresivamente a partir del <strong>d\u00eda 10 de agosto<\/strong>.<\/span><\/p>\n<p>El campus es un espacio virtual privado (necesitamos usuario y clave para entrar) y est\u00e1 conformado por aulas virtuales. El aula virtual es el espacio donde se publican las clases, los materiales de lectura, las actividades, los recursos, etc. Es tambi\u00e9n desde donde nos comunicamos a trav\u00e9s de mensajes privados (la mensajer\u00eda interna) y de los foros donde,\u00a0fundamentalmente tenemos la oportunidad de encontrarnos con el\/a la docente y el resto del grupo de compa\u00f1eros\/as con los que compartiremos este desafiante camino.<\/p>\n<div>\n<p>Lo de campus virtual, aula virtual, clase virtual\u00a0y otras expresiones similares son <em><strong>met\u00e1foras<\/strong><\/em>\u00a0tomadas la presencialidad, para ilustrar sobre dispositivos similares en la modalidad a distancia.\u00a0El escenario de la educaci\u00f3n a distancia, el lugar donde funcionan los campus y aulas virtuales, y donde se imparten las clases virtuales, es el monitor de la computadora, el de la tablet o del celular. En lugar de paredes, pizarrones, bancos, tenemos programas especiales y representaciones visuales de lo que hacen esos programas.<\/p>\n<p>Las plataformas educativas (o campus virtuales) y el aula virtual cumplen con algunas de las funciones del aula presencial, pero no tiene su forma, ni un espacio f\u00edsico determinado. Si queremos hacer cierto paralelismo podemos decir que se corresponden de la siguiente manera:<\/p>\n<p><img decoding=\"async\" loading=\"lazy\" class=\"wp-image-10548 aligncenter\" src=\"https:\/\/ens9001-infd.mendoza.edu.ar\/sitio\/wp-content\/uploads\/2020\/04\/Captura-de-Pantalla-2020-04-03-a-las-17.51.18-1000x300.png\" alt=\"\" width=\"796\" height=\"239\" srcset=\"https:\/\/ens9001-infd.mendoza.edu.ar\/sitio\/wp-content\/uploads\/2020\/04\/Captura-de-Pantalla-2020-04-03-a-las-17.51.18-1000x300.png 1000w, https:\/\/ens9001-infd.mendoza.edu.ar\/sitio\/wp-content\/uploads\/2020\/04\/Captura-de-Pantalla-2020-04-03-a-las-17.51.18-768x230.png 768w, https:\/\/ens9001-infd.mendoza.edu.ar\/sitio\/wp-content\/uploads\/2020\/04\/Captura-de-Pantalla-2020-04-03-a-las-17.51.18.png 1860w\" sizes=\"(max-width: 796px) 100vw, 796px\" \/><\/p>\n<\/div>\n<p>Un campus virtual puede tener muchas aulas virtuales y podemos tener acceso a varias de ellas. Es lo mismo, para hacer una comparaci\u00f3n con la educaci\u00f3n presencial, la sede del instituto donde cursamos, alberga varias aulas, en lo virtual es similar&#8230;<\/p>\n<p>&nbsp;<\/p>\n<p><strong><img decoding=\"async\" loading=\"lazy\" class=\"alignnone wp-image-10549\" src=\"https:\/\/ens9001-infd.mendoza.edu.ar\/sitio\/wp-content\/uploads\/2020\/04\/Vin\u0303eta.jpg\" alt=\"\" width=\"36\" height=\"47\" \/>Aqu\u00ed les compartimos algunos detalles sobre c\u00f3mo ingresar que les servir\u00e1n de\u00a0orientaci\u00f3n&#8230;<\/strong><\/p>\n<p>Van a ser dados\/as de <strong>alta en el campus virtual progresivamente<\/strong> e ir\u00e1n recibiendo un correo-e con los datos para ingresar al mismo: direcci\u00f3n de acceso, usuario y contrase\u00f1a (si no lo encuentran busquen en correos basura (o <em>spam<\/em>) uno con el asunto \u00abInformaci\u00f3n de Acceso\u00bb). Igualmente, sepan que si no lo recibieron o no lo encuentran, en defecto para los\/as nuevos\/as usuarios\/as ingresantes a 1er a\u00f1o, el mismo es su <strong>n\u00famero<\/strong> de dni y la clave las letras <strong>dni<\/strong> seguidas de su <strong>n\u00famero<\/strong> de DNI (Ej. usuario:\u00a0<strong>22333444<\/strong>\u00a0y clave:\u00a0<strong>dni22333444<\/strong>).<\/p>\n<p>Para acceder a la plataforma pueden hacer <a href=\"https:\/\/ens9001-infd.mendoza.edu.ar\/aula\/\">clic aqu\u00ed (https:\/\/ens9001-infd.mendoza.edu.ar\/aula\/)<\/a>\u00a0o bien desde el men\u00fa principal en la parte superior del sitio web donde dice \u00ab<strong>Campus Virtual<\/strong>\u00ab.\u00a0 Quienes ya son usuarios\/as de la plataforma (porque son estudiantes de 2\u00ba a\u00f1o en adelante), conservar\u00e1n los mismos datos de acceso.<\/p>\n<p>Si en alg\u00fan momento (luego de cambiar la contrase\u00f1a), la llegan a olvidar, pueden recuperarla haciendo clic en\u00a0<a href=\"https:\/\/ens9001-infd.mendoza.edu.ar\/aula\/recordatorio.cgi?wAsunto=Problemas%20en%20el%20login\">\u00bfOlvidaste tus datos?<\/a>\u00a0justo debajo de donde se ingresa usuario y clave de la p\u00e1gina de inicio del campus virtual. Hay all\u00ed tambi\u00e9n dos enlaces \u00ab<a href=\"https:\/\/www.youtube.com\/watch?v=8B4IvrwWrHM&amp;feature=youtu.be\">Video tutorial para recuperar tu clave de acceso<\/a>\u00bb y \u00ab<a href=\"https:\/\/docs.google.com\/document\/d\/1dyOxS1SeUURALMkeifLJSOnN6yYrtLLeoV-gf696HWE\/edit\">\u00bfProblemas para acceder al campus virtual?<\/a>\u00ab, donde encontrar\u00e1n ayuda suficiente para resolver ustedes mismos los problemas de acceso que puedan tener.<\/p>\n<p>Para que tengan una orientaci\u00f3n adicional, desde el Equipo de Educaci\u00f3n a Distancia del <strong>[CeCIED]<\/strong>, <em>Centro de Comunicaci\u00f3n y Educaci\u00f3n a Distancia<\/em>, hemos preparado\u00a0este video\u00a0donde pueden ver una presentaci\u00f3n del aula virtual y sus secciones. Es un aula que usamos de ejemplo que ya est\u00e1 habilitada para el cursado de otro espacio, pero que sirve de ejemplo para lo que encontrar\u00e1n en sus respectivas aulas de los espacios curriculares que comenzar\u00e1n a cursar. Hacemos esta aclaraci\u00f3n, porque l\u00f3gicamente el contenido y algunos apartados ser\u00e1n diferentes, pero en lo esencial se van a encontrar con el mismo modelo de aula virtual.<\/p>\n<p style=\"text-align: center;\"><iframe loading=\"lazy\" src=\"https:\/\/www.youtube.com\/embed\/VMO-_o_0SmY\" width=\"969\" height=\"640\" frameborder=\"0\" allowfullscreen=\"allowfullscreen\"><span data-mce-type=\"bookmark\" style=\"display: inline-block; width: 0px; overflow: hidden; line-height: 0;\" class=\"mce_SELRES_start\">\ufeff<\/span><span data-mce-type=\"bookmark\" style=\"display: inline-block; width: 0px; overflow: hidden; line-height: 0;\" class=\"mce_SELRES_start\">\ufeff<\/span><span data-mce-type=\"bookmark\" style=\"display: inline-block; width: 0px; overflow: hidden; line-height: 0;\" class=\"mce_SELRES_start\">\ufeff<\/span><\/iframe><\/p>\n<div style=\"text-align: justify;\"><\/div>\n<div>\n<p><strong><strong><img decoding=\"async\" loading=\"lazy\" class=\"alignnone wp-image-10549\" src=\"https:\/\/ens9001-infd.mendoza.edu.ar\/sitio\/wp-content\/uploads\/2020\/04\/Vin\u0303eta.jpg\" alt=\"\" width=\"36\" height=\"47\" \/>Cronograma de cursado<\/strong><\/strong><\/p>\n<p>En primer lugar, deben saber que<strong>\u00a0las clases de cada a\u00f1o de la carrera se publicar\u00e1n en las aulas virtuales el mismo d\u00eda de la semana<\/strong> (salvo que sea feriado), siguiendo este orden:<\/p>\n<ul>\n<li><strong>Martes:<\/strong> se publicar\u00e1n las clases de <strong>1\u00ba a\u00f1o<\/strong> (profesorados y tecnicaturas)<\/li>\n<li><strong>Mi\u00e9rcoles:<\/strong>\u00a0se publicar\u00e1n las clases de <strong>2\u00ba a\u00f1o<\/strong>\u00a0(profesorados y tecnicaturas)<\/li>\n<li><strong>Jueves:\u00a0<\/strong>se publicar\u00e1n las clases de <strong>3\u00ba a\u00f1o<\/strong>\u00a0(profesorados y tecnicaturas)<\/li>\n<li><strong>Viernes:<\/strong>\u00a0se publicar\u00e1n las clases de <strong>4\u00ba a\u00f1o<\/strong>\u00a0(profesorados)<\/li>\n<\/ul>\n<p>Durante la semana deber\u00e1n realizar las actividades que los\/as docentes les propongan.<\/p>\n<\/div>\n<div>\n<p>Est\u00e9n atentos\/as a sus correos electr\u00f3nicos, porque all\u00ed recibir\u00e1n la <strong>Noticia<\/strong> cuando se hayan publicado las clases en las aulas.<\/p>\n<\/div>\n<p>Se publicar\u00e1n en los d\u00edas establecidos para cada a\u00f1o las clases de al menos dos espacios curriculares que cursar\u00e1n durante el primer bimestre de este semestre. En algunos casos, esos espacios curriculares integrar\u00e1n distintas materias (o, mejor dicho, unidades curriculares) en proyectos interdisciplinarios. Esto se les explicar\u00e1 mejor cuando se inicie cada recorrido.<\/p>\n<div>\n<p>Vamos \u00abcalentando motores\u00bb, porque el 10 de agosto&#8230; largamos!<\/p>\n<\/div>\n","protected":false},"excerpt":{"rendered":"<p>\u00a1Bienvenidos\/as al inicio de clases en la Modalidad a Distancia del 2do Semestre del Ciclo Lectivo 2020! Nuestra Plataforma Virtual Institucional (o Campus Virtual como tambi\u00e9n se suele llamar)\u00a0ser\u00e1 el espacio central para el dictado de las clases virtuales de los diferentes espacios curriculares que dar\u00e1n inicio progresivamente a partir del d\u00eda 10 de agosto. &#8230; <a title=\"Inicio de Clases Modalidad a Distancia &#8211; 2\u00ba Cuatrimestre\" class=\"read-more\" href=\"https:\/\/ens9001-infd.mendoza.edu.ar\/sitio\/inicio-de-clases-modalidad-a-distancia-2o-cuatrimestre\/\" aria-label=\"More on Inicio de Clases Modalidad a Distancia &#8211; 2\u00ba Cuatrimestre\">[+]<\/a><\/p>\n","protected":false},"author":6607,"featured_media":0,"parent":0,"menu_order":0,"comment_status":"closed","ping_status":"closed","template":"","meta":[],"acf":[],"_links":{"self":[{"href":"https:\/\/ens9001-infd.mendoza.edu.ar\/sitio\/wp-json\/wp\/v2\/pages\/11477"}],"collection":[{"href":"https:\/\/ens9001-infd.mendoza.edu.ar\/sitio\/wp-json\/wp\/v2\/pages"}],"about":[{"href":"https:\/\/ens9001-infd.mendoza.edu.ar\/sitio\/wp-json\/wp\/v2\/types\/page"}],"author":[{"embeddable":true,"href":"https:\/\/ens9001-infd.mendoza.edu.ar\/sitio\/wp-json\/wp\/v2\/users\/6607"}],"replies":[{"embeddable":true,"href":"https:\/\/ens9001-infd.mendoza.edu.ar\/sitio\/wp-json\/wp\/v2\/comments?post=11477"}],"version-history":[{"count":3,"href":"https:\/\/ens9001-infd.mendoza.edu.ar\/sitio\/wp-json\/wp\/v2\/pages\/11477\/revisions"}],"predecessor-version":[{"id":11577,"href":"https:\/\/ens9001-infd.mendoza.edu.ar\/sitio\/wp-json\/wp\/v2\/pages\/11477\/revisions\/11577"}],"wp:attachment":[{"href":"https:\/\/ens9001-infd.mendoza.edu.ar\/sitio\/wp-json\/wp\/v2\/media?parent=11477"}],"curies":[{"name":"wp","href":"https:\/\/api.w.org\/{rel}","templated":true}]}}