{"id":11014,"date":"2020-05-28T19:19:16","date_gmt":"2020-05-28T22:19:16","guid":{"rendered":"https:\/\/ens9001-infd.mendoza.edu.ar\/sitio\/?page_id=11014"},"modified":"2020-09-01T13:43:05","modified_gmt":"2020-09-01T16:43:05","slug":"propuestas-formativas-2020","status":"publish","type":"page","link":"https:\/\/ens9001-infd.mendoza.edu.ar\/sitio\/propuestas-formativas-2020\/","title":{"rendered":"Propuestas formativas 2020"},"content":{"rendered":"<p><img decoding=\"async\" loading=\"lazy\" class=\"alignnone size-medium wp-image-7528\" src=\"https:\/\/ens9001-infd.mendoza.edu.ar\/sitio\/wp-content\/uploads\/2019\/04\/Membrete-2-1000x134.png\" alt=\"\" width=\"1000\" height=\"134\" srcset=\"https:\/\/ens9001-infd.mendoza.edu.ar\/sitio\/wp-content\/uploads\/2019\/04\/Membrete-2-1000x134.png 1000w, https:\/\/ens9001-infd.mendoza.edu.ar\/sitio\/wp-content\/uploads\/2019\/04\/Membrete-2-768x103.png 768w, https:\/\/ens9001-infd.mendoza.edu.ar\/sitio\/wp-content\/uploads\/2019\/04\/Membrete-2-1900x255.png 1900w\" sizes=\"(max-width: 1000px) 100vw, 1000px\" \/><\/p>\n<p>Las propuestas de Formaci\u00f3n Continua para el ciclo lectivo 2020 son las siguientes:<\/p>\n<p>&nbsp;<\/p>\n<h4><strong><img decoding=\"async\" loading=\"lazy\" class=\"wp-image-7531 alignnone\" src=\"https:\/\/ens9001-infd.mendoza.edu.ar\/sitio\/wp-content\/uploads\/2019\/04\/CFC-Iso-trans-1000x627.png\" alt=\"\" width=\"38\" height=\"23\" srcset=\"https:\/\/ens9001-infd.mendoza.edu.ar\/sitio\/wp-content\/uploads\/2019\/04\/CFC-Iso-trans-1000x627.png 1000w, https:\/\/ens9001-infd.mendoza.edu.ar\/sitio\/wp-content\/uploads\/2019\/04\/CFC-Iso-trans-768x482.png 768w, https:\/\/ens9001-infd.mendoza.edu.ar\/sitio\/wp-content\/uploads\/2019\/04\/CFC-Iso-trans.png 1239w\" sizes=\"(max-width: 38px) 100vw, 38px\" \/>\u00a0<\/strong><strong>Post\u00edtulos docentes\u00a0<\/strong><\/h4>\n<p>&nbsp;<\/p>\n<p><strong>Marco normativo:<\/strong>\u00a0<a href=\"https:\/\/drive.google.com\/file\/d\/1EoBYPe6pYK1mVQyVnOydho0bXSqqSxu8\/view?usp=drivesdk\">Resoluci\u00f3n 2126-DGE-11<\/a><\/p>\n<p>&nbsp;<\/p>\n<ul>\n<li><a href=\"https:\/\/ens9001-infd.mendoza.edu.ar\/sitio\/actualizacion-academica-en-elaboracion-de-proyectos-interdisciplinares-e-innovacion-educativa\/\" target=\"_blank\" rel=\"noopener\"><span style=\"font-weight: 400;\"><span style=\"text-decoration: underline;\"><strong>Actualizaci\u00f3n Acad\u00e9mica en elaboraci\u00f3n de proyectos interdisciplinares e innovaci\u00f3n educativa<\/strong><\/span><\/span><\/a><span style=\"font-weight: 400; color: #008000;\"><span style=\"font-weight: 400; color: #008000;\"> <strong><span style=\"color: #ff0000;\">&#8211;<\/span> <span style=\"color: #ff0000;\">Inscripciones cerradas<\/span><\/strong><\/span><\/span><\/li>\n<li><span style=\"text-decoration: underline;\"><strong><a href=\"https:\/\/ens9001-infd.mendoza.edu.ar\/sitio\/curso-con-puntaje-docente-educacion-y-gestion-estatal\/\">Actualizacio\u0301n Acad\u00e9mica en Herramientas para el an\u00e1lisis y gesti\u00f3n de las instituciones de educaci\u00f3n p\u00fablica estatal<\/a><\/strong><\/span><strong style=\"color: #008000;\"><strong style=\"color: #008000;\">\u00a0<span style=\"color: #ff0000;\">&#8211; Inscripciones cerradas<\/span><\/strong><\/strong><\/li>\n<li><span style=\"text-decoration: underline;\"><strong><a href=\"https:\/\/ens9001-infd.mendoza.edu.ar\/sitio\/postitulo-especializacion-docente-de-nivel-superior-en-educacion-permanente-de-jovenes-y-adultos-epja\/\">Especializaci\u00f3n Docente de Nivel Superior en\u00a0Educaci\u00f3n Permanente de J\u00f3venes y Adultos (EPJA)<\/a><\/strong><\/span><span style=\"font-weight: 400; color: #ff0000;\"> <strong>&#8211; Inscripciones cerradas<\/strong><\/span><\/li>\n<\/ul>\n<p>&nbsp;<\/p>\n<p>&nbsp;<\/p>\n<h4><strong><img decoding=\"async\" loading=\"lazy\" class=\"wp-image-7531 alignnone\" src=\"https:\/\/ens9001-infd.mendoza.edu.ar\/sitio\/wp-content\/uploads\/2019\/04\/CFC-Iso-trans-1000x627.png\" alt=\"\" width=\"38\" height=\"23\" srcset=\"https:\/\/ens9001-infd.mendoza.edu.ar\/sitio\/wp-content\/uploads\/2019\/04\/CFC-Iso-trans-1000x627.png 1000w, https:\/\/ens9001-infd.mendoza.edu.ar\/sitio\/wp-content\/uploads\/2019\/04\/CFC-Iso-trans-768x482.png 768w, https:\/\/ens9001-infd.mendoza.edu.ar\/sitio\/wp-content\/uploads\/2019\/04\/CFC-Iso-trans.png 1239w\" sizes=\"(max-width: 38px) 100vw, 38px\" \/>\u00a0Cursos de actualizaci\u00f3n y perfeccionamiento docente <\/strong><\/h4>\n<p>&nbsp;<\/p>\n<p><strong>Marco normativo: <\/strong><a href=\"https:\/\/drive.google.com\/file\/d\/1yne9Y3Bcdvi4xtwpYxJam8aaL_scnoN7\/view?usp=sharing\">Resoluci\u00f3n 1698-DGE-19<\/a><\/p>\n<p>&nbsp;<\/p>\n<ul>\n<li><span style=\"text-decoration: underline;\"><strong><a href=\"https:\/\/ens9001-infd.mendoza.edu.ar\/sitio\/curso-con-puntaje-docente-%e2%80%8babordando-los-desafios-de-la-inclusion-discapacidad-enfermedades-raras-y-subjetividad-docente\/\">Abordando los desaf\u00edos de la Inclusi\u00f3n: Discapacidad, Enfermedades Raras y Subjetividad Docente<\/a><\/strong><\/span><span style=\"font-weight: 400; color: #ff0000;\"><span style=\"font-weight: 400;\"> <span style=\"font-weight: 400;\"><strong>&#8211; Inscripciones cerradas<\/strong><\/span><\/span><\/span><\/li>\n<li><a href=\"https:\/\/ens9001-infd.mendoza.edu.ar\/sitio\/curso-con-puntaje-docente-educacion-y-participacion-ciudadana-desde-la-perspectiva-de-derechos-humanos\/\"><span style=\"font-weight: 400;\"><span style=\"text-decoration: underline;\"><strong>Educaci\u00f3n y participaci\u00f3n ciudadana desde la perspectiva de derechos humanos<\/strong><\/span><\/span><\/a><span style=\"font-weight: 400; color: #ff0000;\"><span style=\"font-weight: 400;\"> <span style=\"font-weight: 400;\"><strong>&#8211; Inscripciones cerradas<\/strong><\/span><\/span><\/span><\/li>\n<li><a href=\"https:\/\/ens9001-infd.mendoza.edu.ar\/sitio\/curso-con-puntaje-docente-iluminando-tus-habilidades-comunicativas-a-traves-de-la-cultura\/\"><span style=\"text-decoration: underline;\"><strong>\u00abEnlightening your communicative skills through culture\u00bb (Ingl\u00e9s)<\/strong><\/span><\/a>\u00a0<span style=\"font-weight: 400; color: #ff0000;\"><span style=\"font-weight: 400;\"><span style=\"font-weight: 400;\"><strong>&#8211; Inscripciones cerradas<\/strong><\/span><\/span><\/span><\/li>\n<\/ul>\n<p>&nbsp;<\/p>\n<p>&nbsp;<\/p>\n<h4><strong><img decoding=\"async\" loading=\"lazy\" class=\"wp-image-7531 alignnone\" src=\"https:\/\/ens9001-infd.mendoza.edu.ar\/sitio\/wp-content\/uploads\/2019\/04\/CFC-Iso-trans-1000x627.png\" alt=\"\" width=\"38\" height=\"23\" srcset=\"https:\/\/ens9001-infd.mendoza.edu.ar\/sitio\/wp-content\/uploads\/2019\/04\/CFC-Iso-trans-1000x627.png 1000w, https:\/\/ens9001-infd.mendoza.edu.ar\/sitio\/wp-content\/uploads\/2019\/04\/CFC-Iso-trans-768x482.png 768w, https:\/\/ens9001-infd.mendoza.edu.ar\/sitio\/wp-content\/uploads\/2019\/04\/CFC-Iso-trans.png 1239w\" sizes=\"(max-width: 38px) 100vw, 38px\" \/>\u00a0Acciones formativas con certificaci\u00f3n institucional<\/strong><\/h4>\n<p>&nbsp;<\/p>\n<ul>\n<li><span style=\"font-weight: 400;\"><span style=\"text-decoration: underline;\"><strong><a href=\"https:\/\/ens9001-infd.mendoza.edu.ar\/sitio\/curso-con-puntaje-docente-entornos-virtuales-de-aprendizaje\/\">Entornos Virtuales de Aprendizaje. Plataformas educativas, clase virtual y recursos web 2.0<\/a>\u00a0<\/strong><\/span><span style=\"font-weight: 400; color: #ff0000;\"><span style=\"font-weight: 400;\"><strong>&#8211; Inscripciones cerradas<\/strong><\/span><\/span><\/span><\/li>\n<li><strong><a href=\"https:\/\/ens9001-infd.mendoza.edu.ar\/sitio\/?p=11885&amp;preview=true\"><span style=\"color: #0000ff;\"><span style=\"text-decoration: underline;\">\u00abLo que la pandemia nos dej\u00f3. Nuevas configuraciones comunicacionales en educaci\u00f3n\u00bb <\/span>&#8211;<\/span><\/a> <span style=\"color: #ff0000;\">Inscripciones abiertas<\/span><\/strong><\/li>\n<\/ul>\n<hr \/>\n<pre style=\"text-align: center;\"><strong>Pr\u00f3ximamente estar\u00e1n disponibles nuevas propuestas formativas que se encuentran en evaluaci\u00f3n\u00a0<\/strong><\/pre>\n","protected":false},"excerpt":{"rendered":"<p>Las propuestas de Formaci\u00f3n Continua para el ciclo lectivo 2020 son las siguientes: &nbsp; \u00a0Post\u00edtulos docentes\u00a0 &nbsp; Marco normativo:\u00a0Resoluci\u00f3n 2126-DGE-11 &nbsp; Actualizaci\u00f3n Acad\u00e9mica en elaboraci\u00f3n de proyectos interdisciplinares e innovaci\u00f3n educativa &#8211; Inscripciones cerradas Actualizacio\u0301n Acad\u00e9mica en Herramientas para el an\u00e1lisis y gesti\u00f3n de las instituciones de educaci\u00f3n p\u00fablica estatal\u00a0&#8211; Inscripciones cerradas Especializaci\u00f3n Docente de &#8230; <a title=\"Propuestas formativas 2020\" class=\"read-more\" href=\"https:\/\/ens9001-infd.mendoza.edu.ar\/sitio\/propuestas-formativas-2020\/\" aria-label=\"More on Propuestas formativas 2020\">[+]<\/a><\/p>\n","protected":false},"author":6668,"featured_media":0,"parent":0,"menu_order":0,"comment_status":"closed","ping_status":"closed","template":"","meta":[],"acf":[],"_links":{"self":[{"href":"https:\/\/ens9001-infd.mendoza.edu.ar\/sitio\/wp-json\/wp\/v2\/pages\/11014"}],"collection":[{"href":"https:\/\/ens9001-infd.mendoza.edu.ar\/sitio\/wp-json\/wp\/v2\/pages"}],"about":[{"href":"https:\/\/ens9001-infd.mendoza.edu.ar\/sitio\/wp-json\/wp\/v2\/types\/page"}],"author":[{"embeddable":true,"href":"https:\/\/ens9001-infd.mendoza.edu.ar\/sitio\/wp-json\/wp\/v2\/users\/6668"}],"replies":[{"embeddable":true,"href":"https:\/\/ens9001-infd.mendoza.edu.ar\/sitio\/wp-json\/wp\/v2\/comments?post=11014"}],"version-history":[{"count":22,"href":"https:\/\/ens9001-infd.mendoza.edu.ar\/sitio\/wp-json\/wp\/v2\/pages\/11014\/revisions"}],"predecessor-version":[{"id":11907,"href":"https:\/\/ens9001-infd.mendoza.edu.ar\/sitio\/wp-json\/wp\/v2\/pages\/11014\/revisions\/11907"}],"wp:attachment":[{"href":"https:\/\/ens9001-infd.mendoza.edu.ar\/sitio\/wp-json\/wp\/v2\/media?parent=11014"}],"curies":[{"name":"wp","href":"https:\/\/api.w.org\/{rel}","templated":true}]}}