{"id":10367,"date":"2020-03-19T15:06:59","date_gmt":"2020-03-19T18:06:59","guid":{"rendered":"https:\/\/ens9001-mza.infd.edu.ar\/sitio\/?page_id=10367"},"modified":"2020-04-01T23:30:12","modified_gmt":"2020-04-02T02:30:12","slug":"ingreso-ciclo-lectivo-2020-profesorados-y-tecnicaturas-2","status":"publish","type":"page","link":"https:\/\/ens9001-infd.mendoza.edu.ar\/sitio\/ingreso-ciclo-lectivo-2020-profesorados-y-tecnicaturas-2\/","title":{"rendered":"Ingreso Ciclo Lectivo 2020 &#8211; Profesorados y Tecnicaturas"},"content":{"rendered":"<h3 style=\"text-align: center;\"><img decoding=\"async\" loading=\"lazy\" class=\"alignnone wp-image-10400\" src=\"https:\/\/ens9001-infd.mendoza.edu.ar\/sitio\/wp-content\/uploads\/2020\/03\/Captura-de-Pantalla-2020-03-19-a-las-19.50.36-1000x407.png\" alt=\"\" width=\"779\" height=\"317\" srcset=\"https:\/\/ens9001-infd.mendoza.edu.ar\/sitio\/wp-content\/uploads\/2020\/03\/Captura-de-Pantalla-2020-03-19-a-las-19.50.36-1000x407.png 1000w, https:\/\/ens9001-infd.mendoza.edu.ar\/sitio\/wp-content\/uploads\/2020\/03\/Captura-de-Pantalla-2020-03-19-a-las-19.50.36-768x313.png 768w, https:\/\/ens9001-infd.mendoza.edu.ar\/sitio\/wp-content\/uploads\/2020\/03\/Captura-de-Pantalla-2020-03-19-a-las-19.50.36.png 1258w\" sizes=\"(max-width: 779px) 100vw, 779px\" \/><\/h3>\n<h3 style=\"text-align: center;\">\u00a1Bienvenidas! \u00a1Bienvenidos! Estudiantes de 1\u00ba a\u00f1o<\/h3>\n<h3 style=\"text-align: center;\"><span style=\"color: #ff6600;\">\u00a1INFORMACI\u00d3N IMPORTANTE!<\/span><\/h3>\n<p><span style=\"font-weight: 400;\">A continuaci\u00f3n, por carrera y comisi\u00f3n (seg\u00fan corresponda), podr\u00e1s visualizar tus datos.<\/span><\/p>\n<p><span style=\"font-weight: 400;\">Si no te encontr\u00e1s en las listas, por favor conectate a:\u00a0<\/span><span style=\"text-decoration: underline;\"><strong><a href=\"mailto:ingresoiesdyt9001@gmail.com\">ingresoiesdyt9001@gmail.com<\/a><\/strong><\/span><\/p>\n<p><span style=\"font-weight: 400;\">Al escribirnos, envianos los siguientes datos:<\/span><\/p>\n<ul>\n<li><b>Apellido y Nombre<\/b><\/li>\n<li><strong>DNI<\/strong><\/li>\n<li><b>Carrera<\/b><span style=\"font-weight: 400;\"> (y <\/span><b>Comisi\u00f3n<\/b><span style=\"font-weight: 400;\"> en aquellas carreras que lo requieran) a la que aspira<\/span><\/li>\n<li><span style=\"font-weight: 400;\">Explicaci\u00f3n precisa de <\/span><b>estado de situaci\u00f3n<\/b><span style=\"font-weight: 400;\"> (ausentes justificados, inasistencias, comprobante de terminalidad del secundario, etc.)\u00a0<\/span><\/li>\n<\/ul>\n<p><span style=\"font-weight: 400;\">Los mails de consulta ser\u00e1n recibidos <strong>desde el 20 al 25 de marzo del 2020<\/strong>.<\/span><\/p>\n<p><span style=\"font-weight: 400;\">El equipo de ingreso evaluar\u00e1 cada situaci\u00f3n y responder\u00e1 por la misma v\u00eda.<\/span><\/p>\n<p><span style=\"font-weight: 400;\">Para agilizar los procesos administrativos, quienes figuran en el listado publicado no deber\u00e1n realizar inscripci\u00f3n. <strong>Se tomar\u00e1 la presencia en los listados publicados como inscripci\u00f3n efectiva<\/strong>.<\/span><\/p>\n<hr \/>\n<h4 style=\"text-align: left;\"><b><strong>Listado de Ingresantes<\/strong><\/b><\/h4>\n<h5><b>Profesorados<\/b><\/h5>\n<p><i><span style=\"font-weight: 400;\">Sede San Mart\u00edn<\/span><\/i><\/p>\n<ul>\n<li style=\"font-weight: 400;\">Profesorado de Educaci\u00f3n Especial con Orientaci\u00f3n en Discapacidad Intelectual\n<ul>\n<li><span style=\"text-decoration: underline;\"><a href=\"https:\/\/drive.google.com\/file\/d\/1f8OneuEB_uTvDl87_zzndthwKeJ3YKLr\/view?usp=sharing\">Comisi\u00f3n 1<\/a><\/span><\/li>\n<li><a href=\"https:\/\/drive.google.com\/file\/d\/1OQgLd7xFDh2gAs6hbpTgsQQyCC3RT_XV\/view?usp=sharing\"><span style=\"text-decoration: underline;\">Comisi\u00f3n 2<\/span><\/a><\/li>\n<\/ul>\n<\/li>\n<li style=\"font-weight: 400;\">Profesorado de Educaci\u00f3n Inicial\n<ul>\n<li><a href=\"https:\/\/drive.google.com\/file\/d\/1duS9GJB2ruXIbZYnaD1e1TwsMqOzP9PX\/view?usp=sharing\"><span style=\"text-decoration: underline;\">Comisi\u00f3n 1<\/span><\/a><\/li>\n<li><a href=\"https:\/\/drive.google.com\/file\/d\/17HoeRot0LJ_9YbIEWJSaBAplV7RbfiPW\/view?usp=sharing\"><span style=\"text-decoration: underline;\">Comisi\u00f3n 2<\/span><\/a><\/li>\n<\/ul>\n<\/li>\n<li style=\"font-weight: 400;\">Profesorado de Educaci\u00f3n Primaria\n<ul>\n<li><a href=\"https:\/\/drive.google.com\/file\/d\/1Ljgzxz2kQXBHcyGNoMzq1veltFWO3eH8\/view?usp=sharing\"><span style=\"text-decoration: underline;\">Comisi\u00f3n 1<\/span><\/a><\/li>\n<li><a href=\"https:\/\/drive.google.com\/file\/d\/1db91R76QlE1iYgORNY8dDYHHffFo3sUq\/view?usp=sharing\"><span style=\"text-decoration: underline;\">Comisi\u00f3n 2<\/span><\/a><\/li>\n<\/ul>\n<\/li>\n<li style=\"font-weight: 400;\"><a href=\"https:\/\/drive.google.com\/file\/d\/1jimd972G51iZQ6KHWhpE8qFeMasfHadx\/view?usp=sharing\"><span style=\"text-decoration: underline;\">Profesorado de Educaci\u00f3n Secundaria en Biolog\u00eda<\/span><\/a><\/li>\n<li style=\"font-weight: 400;\"><a href=\"https:\/\/drive.google.com\/file\/d\/1YOwkA3RMOqsNAvS2Tm5q1IYiLx6P7qWC\/view?usp=sharing\"><span style=\"text-decoration: underline;\">Profesorado de Educaci\u00f3n Secundaria en Geograf\u00eda<\/span><\/a><\/li>\n<li style=\"font-weight: 400;\"><a href=\"https:\/\/drive.google.com\/file\/d\/1e3yavCj24Uw_a3LHVGuzKvAJU8cdq2te\/view?usp=sharing\"><span style=\"text-decoration: underline;\">Profesorado de Educaci\u00f3n Secundaria en Historia<\/span><\/a><\/li>\n<li style=\"font-weight: 400;\"><a href=\"https:\/\/drive.google.com\/file\/d\/170vJsxbYaQaPidlr3q4j202MlKgju9A6\/view?usp=sharing\"><span style=\"text-decoration: underline;\">Profesorado de Ingl\u00e9s<\/span><\/a><\/li>\n<li style=\"font-weight: 400;\"><a href=\"https:\/\/drive.google.com\/file\/d\/1Pq7XeEbfrogUGDfiHdjh4Q7oCIPy6M6D\/view?usp=sharing\"><span style=\"text-decoration: underline;\">Profesorado de Educaci\u00f3n Secundaria en Lengua y Literatura<\/span><\/a><\/li>\n<\/ul>\n<h5><\/h5>\n<h5><b>Tecnicaturas<\/b><\/h5>\n<p><i><span style=\"font-weight: 400;\">Sede Jun\u00edn<\/span><\/i><\/p>\n<ul>\n<li><a href=\"https:\/\/drive.google.com\/file\/d\/1U2j40lb42gDyV6X17uyCIdB2g7na-l3S\/view?usp=sharing\"><span style=\"text-decoration: underline;\"><span style=\"font-weight: 400;\">Tecnicatura Superior en Agronom\u00eda<\/span><\/span><\/a><\/li>\n<li><a href=\"https:\/\/drive.google.com\/file\/d\/14u1fPF_h5M5muUXT2DePlrz_8R11qjov\/view?usp=sharing\"><span style=\"text-decoration: underline;\">Tecnicatura Superior en Enolog\u00eda<\/span><\/a><\/li>\n<\/ul>\n<p><i><span style=\"font-weight: 400;\">Sede San Mart\u00edn\u00a0<\/span><\/i><\/p>\n<ul>\n<li style=\"font-weight: 400;\"><span style=\"font-weight: 400;\">Tecnicatura Superior en Administraci\u00f3n P\u00fablica<\/span>\n<ul>\n<li><a href=\"https:\/\/drive.google.com\/file\/d\/1WwPIPWeM7cZ1oCtPoFudUWBBlLBaqToH\/view?usp=sharing\"><span style=\"text-decoration: underline;\">Comisi\u00f3n 1<\/span><\/a><\/li>\n<li><a href=\"https:\/\/drive.google.com\/file\/d\/1GOkxh2AYMfWzxfE2Lj8qgQT98ONdFv49\/view?usp=sharing\"><span style=\"text-decoration: underline;\">Comisi\u00f3n 2<\/span><\/a><\/li>\n<\/ul>\n<\/li>\n<li style=\"font-weight: 400;\"><a href=\"https:\/\/drive.google.com\/file\/d\/1VAFH4XyG1Y_ZepfePtMV2afcl_7sizNn\/view?usp=sharing\"><span style=\"font-weight: 400;\"><span style=\"text-decoration: underline;\">Tecnicatura Superior en Comunicaci\u00f3n Social<\/span><\/span><\/a><\/li>\n<li style=\"font-weight: 400;\"><a href=\"https:\/\/drive.google.com\/file\/d\/1DF5RN5QH7A3uZW0AzXFf9cVvN_pZRBb9\/view?usp=sharing\"><span style=\"text-decoration: underline;\"><span style=\"font-weight: 400;\">Tecnicatura Superior en Dise\u00f1o de Indumentaria y Textil<\/span><\/span><\/a><\/li>\n<li style=\"font-weight: 400;\"><a href=\"https:\/\/drive.google.com\/file\/d\/14D-047UJt2Yk02tdxw4c7znmLxfgXyzz\/view?usp=sharing\"><span style=\"font-weight: 400;\"><span style=\"text-decoration: underline;\">Tecnicatura Superior en Higiene y Seguridad Laboral<\/span><\/span><\/a><\/li>\n<\/ul>\n<p><i><span style=\"font-weight: 400;\">Sede Palmira\u00a0<\/span><\/i><\/p>\n<ul>\n<li><a href=\"https:\/\/drive.google.com\/file\/d\/1mcuCEdKcwLtCyjuDtr2qaZ8_o5WuHsLu\/view?usp=sharing\"><span style=\"text-decoration: underline;\"><span style=\"font-weight: 400;\">Tecnicatura Superior en Higiene y Seguridad Laboral<\/span><\/span><\/a><\/li>\n<\/ul>\n<h4>Informaci\u00f3n y Consultas<\/h4>\n<p>Para cualquier consulta relativa al ingreso, enviar un mensaje a la siguiente direcci\u00f3n de correo electr\u00f3nico:\u00a0<strong><a href=\"mailto:ingresoiesdyt9001@gmail.com\">ingresoiesdyt9001@gmail.com<\/a><\/strong><\/p>\n<h4>Documentaci\u00f3n para descargar<\/h4>\n<ul>\n<li><a href=\"https:\/\/drive.google.com\/file\/d\/0B9tTbyHm1r2eb2QtaUNtN00zdlNrOHFuWDNqd3ktaGd1WEdv\/view?usp=sharing\">Acta de Ingreso<\/a><\/li>\n<\/ul>\n","protected":false},"excerpt":{"rendered":"<p>\u00a1Bienvenidas! \u00a1Bienvenidos! Estudiantes de 1\u00ba a\u00f1o \u00a1INFORMACI\u00d3N IMPORTANTE! A continuaci\u00f3n, por carrera y comisi\u00f3n (seg\u00fan corresponda), podr\u00e1s visualizar tus datos. Si no te encontr\u00e1s en las listas, por favor conectate a:\u00a0ingresoiesdyt9001@gmail.com Al escribirnos, envianos los siguientes datos: Apellido y Nombre DNI Carrera (y Comisi\u00f3n en aquellas carreras que lo requieran) a la que aspira Explicaci\u00f3n &#8230; <a title=\"Ingreso Ciclo Lectivo 2020 &#8211; Profesorados y Tecnicaturas\" class=\"read-more\" href=\"https:\/\/ens9001-infd.mendoza.edu.ar\/sitio\/ingreso-ciclo-lectivo-2020-profesorados-y-tecnicaturas-2\/\" aria-label=\"More on Ingreso Ciclo Lectivo 2020 &#8211; Profesorados y Tecnicaturas\">[+]<\/a><\/p>\n","protected":false},"author":6668,"featured_media":0,"parent":0,"menu_order":0,"comment_status":"closed","ping_status":"closed","template":"","meta":[],"acf":[],"_links":{"self":[{"href":"https:\/\/ens9001-infd.mendoza.edu.ar\/sitio\/wp-json\/wp\/v2\/pages\/10367"}],"collection":[{"href":"https:\/\/ens9001-infd.mendoza.edu.ar\/sitio\/wp-json\/wp\/v2\/pages"}],"about":[{"href":"https:\/\/ens9001-infd.mendoza.edu.ar\/sitio\/wp-json\/wp\/v2\/types\/page"}],"author":[{"embeddable":true,"href":"https:\/\/ens9001-infd.mendoza.edu.ar\/sitio\/wp-json\/wp\/v2\/users\/6668"}],"replies":[{"embeddable":true,"href":"https:\/\/ens9001-infd.mendoza.edu.ar\/sitio\/wp-json\/wp\/v2\/comments?post=10367"}],"version-history":[{"count":19,"href":"https:\/\/ens9001-infd.mendoza.edu.ar\/sitio\/wp-json\/wp\/v2\/pages\/10367\/revisions"}],"predecessor-version":[{"id":10510,"href":"https:\/\/ens9001-infd.mendoza.edu.ar\/sitio\/wp-json\/wp\/v2\/pages\/10367\/revisions\/10510"}],"wp:attachment":[{"href":"https:\/\/ens9001-infd.mendoza.edu.ar\/sitio\/wp-json\/wp\/v2\/media?parent=10367"}],"curies":[{"name":"wp","href":"https:\/\/api.w.org\/{rel}","templated":true}]}}